{"id":21940,"date":"2024-09-02T11:51:15","date_gmt":"2024-09-02T09:51:15","guid":{"rendered":"https:\/\/uniformelaboral.com\/?post_type=product&#038;p=21940"},"modified":"2024-09-02T17:31:33","modified_gmt":"2024-09-02T15:31:33","slug":"guant-un-sol-us-nitril-taronja-sense-pols-nna85-6-20-e","status":"publish","type":"product","link":"https:\/\/uniformelaboral.com\/index.php\/producto\/guant-un-sol-us-nitril-taronja-sense-pols-nna85-6-20-e\/","title":{"rendered":"GUANT UN SOL \u00d9S NITRIL DISPENSADOR 50 UD SENSE POLS NNa85 \/ 6.20 \u20ac"},"content":{"rendered":"","protected":false},"excerpt":{"rendered":"<h5><img loading=\"lazy\" decoding=\"async\" class=\" wp-image-20171 alignleft\" src=\"https:\/\/uniformelaboral.com\/wp-content\/uploads\/2022\/03\/TOMAS-BODERO-300x191.jpg\" alt=\"\" width=\"119\" height=\"76\" srcset=\"https:\/\/uniformelaboral.com\/wp-content\/uploads\/2022\/03\/TOMAS-BODERO-300x191.jpg 300w, https:\/\/uniformelaboral.com\/wp-content\/uploads\/2022\/03\/TOMAS-BODERO-1024x650.jpg 1024w, https:\/\/uniformelaboral.com\/wp-content\/uploads\/2022\/03\/TOMAS-BODERO-768x488.jpg 768w, https:\/\/uniformelaboral.com\/wp-content\/uploads\/2022\/03\/TOMAS-BODERO-416x264.jpg 416w, https:\/\/uniformelaboral.com\/wp-content\/uploads\/2022\/03\/TOMAS-BODERO.jpg 1176w\" sizes=\"auto, (max-width: 119px) 100vw, 119px\" \/>\u2022 Nitril cautx\u00fa sint\u00e8tic amb bona resist\u00e8ncia a olis, lubricants i productes derivats del petroli. \u2022 Resistent a productes qu\u00edmics, \u00e0cids i dissolvents no cet\u00f2nics. \u2022 Protecci\u00f3 pel que fa al comportament de migraci\u00f3 en entrar en contacte amb els aliments. \u2022 Acabat en diamant per a una millor subjecci\u00f3. \u2022 Impermeable. \u2022 Ambidestre. \u2022 No esteril. \u2022 AQL 1,5. \u2022 Interior sense pols per evitar al\u00b7l\u00e8rgies. \u2022 Desteritat nivell 5 (m\u00ednim 0, m\u00e0xim 5).<\/h5>\n<h5>\u00daS: Ind\u00fastria aliment\u00e0ria, Pintura i vernissos, Impremta, Muntatge industrial, Mec\u00e0nica<\/h5>\n<p><img loading=\"lazy\" decoding=\"async\" class=\"wp-image-21945 size-medium aligncenter\" src=\"https:\/\/uniformelaboral.com\/wp-content\/uploads\/2024\/09\/DERMIK-ICONOS-300x54.jpg\" alt=\"\" width=\"300\" height=\"54\" srcset=\"https:\/\/uniformelaboral.com\/wp-content\/uploads\/2024\/09\/DERMIK-ICONOS-300x54.jpg 300w, https:\/\/uniformelaboral.com\/wp-content\/uploads\/2024\/09\/DERMIK-ICONOS-768x139.jpg 768w, https:\/\/uniformelaboral.com\/wp-content\/uploads\/2024\/09\/DERMIK-ICONOS-416x76.jpg 416w, https:\/\/uniformelaboral.com\/wp-content\/uploads\/2024\/09\/DERMIK-ICONOS.jpg 865w\" sizes=\"auto, (max-width: 300px) 100vw, 300px\" \/><\/p>\n<h6><a href=\"https:\/\/tbgroupsafety.com\/es\/flat101_catalog\/pdf?attr=ftecnica&amp;pdf=NNa85_INFO.PDF\" target=\"_blank\" rel=\"noopener noreferrer\">FITXA TECNICA<\/a><\/h6>\n<h6><a href=\"https:\/\/tbgroupsafety.com\/es\/flat101_catalog\/pdf?attr=dconformidad&amp;pdf=NNa85_DC.PDF\" target=\"_blank\" rel=\"noopener noreferrer\">DECLARACI\u00d3 DE CONFORMITAT<\/a><\/h6>\n<h6 style=\"text-align: right;\"><a href=\"https:\/\/tbgroupsafety.com\/es\/guante-desechable-de-nitrilo-naranja-diamantado-sin-polvo-nna85\" target=\"_blank\" rel=\"noopener noreferrer\">CONSULTAR CAT\u00c0LEG<\/a><\/h6>\n<h6 style=\"text-align: right;\"><a href=\"https:\/\/uniformelaboral.com\/index.php\/contacte\/\" target=\"_blank\" rel=\"noopener noreferrer\">CONTACTAR AMB NOSALTRES<\/a><\/h6>\n<h6><\/h6>\n<p>&nbsp;<\/p>\n","protected":false},"featured_media":21941,"template":"","meta":{"_joinchat":[]},"product_brand":[],"product_cat":[26,31,122,120],"product_tag":[],"class_list":{"0":"post-21940","1":"product","2":"type-product","3":"status-publish","4":"has-post-thumbnail","6":"product_cat-cascs-de-seguretat","7":"product_cat-guants","8":"product_cat-nitril","9":"product_cat-un-sol-us","10":"tm-has-options","12":"first","13":"instock","14":"taxable","15":"shipping-taxable","16":"purchasable","17":"product-type-simple"},"_links":{"self":[{"href":"https:\/\/uniformelaboral.com\/index.php\/wp-json\/wp\/v2\/product\/21940","targetHints":{"allow":["GET"]}}],"collection":[{"href":"https:\/\/uniformelaboral.com\/index.php\/wp-json\/wp\/v2\/product"}],"about":[{"href":"https:\/\/uniformelaboral.com\/index.php\/wp-json\/wp\/v2\/types\/product"}],"wp:featuredmedia":[{"embeddable":true,"href":"https:\/\/uniformelaboral.com\/index.php\/wp-json\/wp\/v2\/media\/21941"}],"wp:attachment":[{"href":"https:\/\/uniformelaboral.com\/index.php\/wp-json\/wp\/v2\/media?parent=21940"}],"wp:term":[{"taxonomy":"product_brand","embeddable":true,"href":"https:\/\/uniformelaboral.com\/index.php\/wp-json\/wp\/v2\/product_brand?post=21940"},{"taxonomy":"product_cat","embeddable":true,"href":"https:\/\/uniformelaboral.com\/index.php\/wp-json\/wp\/v2\/product_cat?post=21940"},{"taxonomy":"product_tag","embeddable":true,"href":"https:\/\/uniformelaboral.com\/index.php\/wp-json\/wp\/v2\/product_tag?post=21940"}],"curies":[{"name":"wp","href":"https:\/\/api.w.org\/{rel}","templated":true}]}}