{"id":21923,"date":"2024-08-23T12:20:27","date_gmt":"2024-08-23T10:20:27","guid":{"rendered":"https:\/\/uniformelaboral.com\/?post_type=product&#038;p=21923"},"modified":"2024-08-23T12:34:44","modified_gmt":"2024-08-23T10:34:44","slug":"sabata-panter-brisa-blanco-o2-fo-hi-ci-src-blau-27e","status":"publish","type":"product","link":"https:\/\/uniformelaboral.com\/index.php\/producto\/sabata-panter-brisa-blanco-o2-fo-hi-ci-src-blau-27e\/","title":{"rendered":"SABATA PANTER BRISA BLANCO O2 FO  HI CI SRC BLAU \/ 27\u20ac"},"content":{"rendered":"","protected":false},"excerpt":{"rendered":"<h5><img loading=\"lazy\" decoding=\"async\" class=\" wp-image-21860 alignleft\" src=\"https:\/\/uniformelaboral.com\/wp-content\/uploads\/2024\/08\/logo-1655378203.jpg\" alt=\"\" width=\"225\" height=\"61\" \/>Sabata ergon\u00f2mica en color blanc, acabat en microfibra, antimicrobi\u00e0, extra resistent i durador. Est\u00e0 especialment indicat per a cl\u00edniques, neteja, laboratoris, sanitaris, etc.<\/h5>\n<p><img loading=\"lazy\" decoding=\"async\" class=\"wp-image-21930 alignleft\" src=\"https:\/\/uniformelaboral.com\/wp-content\/uploads\/2024\/08\/MES-VIRUS.jpg\" alt=\"\" width=\"76\" height=\"76\" srcset=\"https:\/\/uniformelaboral.com\/wp-content\/uploads\/2024\/08\/MES-VIRUS.jpg 171w, https:\/\/uniformelaboral.com\/wp-content\/uploads\/2024\/08\/MES-VIRUS-150x150.jpg 150w, https:\/\/uniformelaboral.com\/wp-content\/uploads\/2024\/08\/MES-VIRUS-100x100.jpg 100w\" sizes=\"auto, (max-width: 76px) 100vw, 76px\" \/><img loading=\"lazy\" decoding=\"async\" class=\"wp-image-21924 aligncenter\" src=\"https:\/\/uniformelaboral.com\/wp-content\/uploads\/2024\/08\/ANTI-VIRUS-300x101.jpg\" alt=\"\" width=\"264\" height=\"89\" srcset=\"https:\/\/uniformelaboral.com\/wp-content\/uploads\/2024\/08\/ANTI-VIRUS-300x101.jpg 300w, https:\/\/uniformelaboral.com\/wp-content\/uploads\/2024\/08\/ANTI-VIRUS-416x140.jpg 416w, https:\/\/uniformelaboral.com\/wp-content\/uploads\/2024\/08\/ANTI-VIRUS.jpg 490w\" sizes=\"auto, (max-width: 264px) 100vw, 264px\" \/><\/p>\n<h5><a href=\"https:\/\/www.panter.es\/es\/index.php?controller=attachment&amp;id_attachment=375\" target=\"_blank\" rel=\"noopener noreferrer\">FITXA T\u00c9CNICA<\/a><\/h5>\n<h6 style=\"text-align: right;\"><a href=\"https:\/\/docs.panter.es\/pdf\/CATALOGO_PANTER_2023.pdf\" target=\"_blank\" rel=\"noopener noreferrer\">CONSULTAR CAT\u00c1LEG<\/a><\/h6>\n<h6 style=\"text-align: right;\"><a href=\"https:\/\/uniformelaboral.com\/index.php\/contacte\/\" target=\"_blank\" rel=\"noopener noreferrer\">CONTACTAR AMB NOSALTRES<\/a><\/h6>\n","protected":false},"featured_media":21925,"template":"","meta":{"_joinchat":[]},"product_brand":[],"product_cat":[36,802,33,129,817,838,806,808,819,39,38],"product_tag":[],"class_list":{"0":"post-21923","1":"product","2":"type-product","3":"status-publish","4":"has-post-thumbnail","6":"product_cat-alimentacio","7":"product_cat-calcats-alimentacio","8":"product_cat-sabates-seguretat","9":"product_cat-calcats-serveis","10":"product_cat-calcats2-sanitat","11":"product_cat-sabates-serveis","12":"product_cat-sabates","13":"product_cat-sabates-alimentacio","14":"product_cat-sabates2-sanitat","15":"product_cat-sanitat","16":"product_cat-serveis","17":"tm-has-options","19":"first","20":"instock","21":"taxable","22":"shipping-taxable","23":"purchasable","24":"product-type-simple"},"_links":{"self":[{"href":"https:\/\/uniformelaboral.com\/index.php\/wp-json\/wp\/v2\/product\/21923","targetHints":{"allow":["GET"]}}],"collection":[{"href":"https:\/\/uniformelaboral.com\/index.php\/wp-json\/wp\/v2\/product"}],"about":[{"href":"https:\/\/uniformelaboral.com\/index.php\/wp-json\/wp\/v2\/types\/product"}],"wp:featuredmedia":[{"embeddable":true,"href":"https:\/\/uniformelaboral.com\/index.php\/wp-json\/wp\/v2\/media\/21925"}],"wp:attachment":[{"href":"https:\/\/uniformelaboral.com\/index.php\/wp-json\/wp\/v2\/media?parent=21923"}],"wp:term":[{"taxonomy":"product_brand","embeddable":true,"href":"https:\/\/uniformelaboral.com\/index.php\/wp-json\/wp\/v2\/product_brand?post=21923"},{"taxonomy":"product_cat","embeddable":true,"href":"https:\/\/uniformelaboral.com\/index.php\/wp-json\/wp\/v2\/product_cat?post=21923"},{"taxonomy":"product_tag","embeddable":true,"href":"https:\/\/uniformelaboral.com\/index.php\/wp-json\/wp\/v2\/product_tag?post=21923"}],"curies":[{"name":"wp","href":"https:\/\/api.w.org\/{rel}","templated":true}]}}