{"id":21870,"date":"2024-08-22T11:58:12","date_gmt":"2024-08-22T09:58:12","guid":{"rendered":"https:\/\/uniformelaboral.com\/?post_type=product&#038;p=21870"},"modified":"2024-08-23T11:51:25","modified_gmt":"2024-08-23T09:51:25","slug":"sabata-panter-voltio-sbp-e-wru-fo-hi-ci-wr-83e","status":"publish","type":"product","link":"https:\/\/uniformelaboral.com\/index.php\/producto\/sabata-panter-voltio-sbp-e-wru-fo-hi-ci-wr-83e\/","title":{"rendered":"BOTA PANTER VOLTIO SBP E WRU FO HI CI WR \/ 83\u20ac"},"content":{"rendered":"","protected":false},"excerpt":{"rendered":"<h5><img loading=\"lazy\" decoding=\"async\" class=\" wp-image-21860 alignleft\" src=\"https:\/\/uniformelaboral.com\/wp-content\/uploads\/2024\/08\/logo-1655378203.jpg\" alt=\"\" width=\"225\" height=\"61\" \/>Bota de seguretat per a electricista amb a\u00efllament el\u00e8ctric, molt resistent i duradora. Fabricada lliure de components met\u00e0l\u00b7lics en pell flor natural 1a qualitat hidr\u00f2fuga extra gruixuda. Bota especial per a mec\u00e0nics de vehicles el\u00e8ctrics.<\/h5>\n<p><img loading=\"lazy\" decoding=\"async\" class=\"wp-image-21872 alignleft\" src=\"https:\/\/uniformelaboral.com\/wp-content\/uploads\/2024\/08\/COBERTURA-AISLANTE-100-300x300.jpg\" alt=\"\" width=\"75\" height=\"75\" srcset=\"https:\/\/uniformelaboral.com\/wp-content\/uploads\/2024\/08\/COBERTURA-AISLANTE-100-300x300.jpg 300w, https:\/\/uniformelaboral.com\/wp-content\/uploads\/2024\/08\/COBERTURA-AISLANTE-100-150x150.jpg 150w, https:\/\/uniformelaboral.com\/wp-content\/uploads\/2024\/08\/COBERTURA-AISLANTE-100-324x324.jpg 324w, https:\/\/uniformelaboral.com\/wp-content\/uploads\/2024\/08\/COBERTURA-AISLANTE-100-100x100.jpg 100w, https:\/\/uniformelaboral.com\/wp-content\/uploads\/2024\/08\/COBERTURA-AISLANTE-100.jpg 386w\" sizes=\"auto, (max-width: 75px) 100vw, 75px\" \/><img loading=\"lazy\" decoding=\"async\" class=\"alignnone wp-image-21871\" src=\"https:\/\/uniformelaboral.com\/wp-content\/uploads\/2024\/08\/ANTIFATIGA-I-RECICLATGE-300x132.jpg\" alt=\"\" width=\"180\" height=\"79\" srcset=\"https:\/\/uniformelaboral.com\/wp-content\/uploads\/2024\/08\/ANTIFATIGA-I-RECICLATGE-300x132.jpg 300w, https:\/\/uniformelaboral.com\/wp-content\/uploads\/2024\/08\/ANTIFATIGA-I-RECICLATGE-416x183.jpg 416w, https:\/\/uniformelaboral.com\/wp-content\/uploads\/2024\/08\/ANTIFATIGA-I-RECICLATGE.jpg 433w\" sizes=\"auto, (max-width: 180px) 100vw, 180px\" \/><\/p>\n<h5><a href=\"https:\/\/www.panter.es\/es\/index.php?controller=attachment&amp;id_attachment=308\" target=\"_blank\" rel=\"noopener noreferrer\">FITXA T\u00c9CNICA<\/a><\/h5>\n<h6 style=\"text-align: right;\"><a href=\"https:\/\/docs.panter.es\/pdf\/CATALOGO_PANTER_2023.pdf\" target=\"_blank\" rel=\"noopener noreferrer\">CONSULTAR CAT\u00c1LEG<\/a><\/h6>\n<h6 style=\"text-align: right;\"><a href=\"https:\/\/uniformelaboral.com\/index.php\/contacte\/\" target=\"_blank\" rel=\"noopener noreferrer\">CONTACTAR AMB NOSALTRES<\/a><\/h6>\n","protected":false},"featured_media":21876,"template":"","meta":{"_joinchat":[]},"product_brand":[],"product_cat":[836,130,809,33,129,801,37,38],"product_tag":[],"class_list":{"0":"post-21870","1":"product","2":"type-product","3":"status-publish","4":"has-post-thumbnail","6":"product_cat-botes-serveis","7":"product_cat-botes","8":"product_cat-botes2-industria","9":"product_cat-sabates-seguretat","10":"product_cat-calcats-serveis","11":"product_cat-calcats2-industria","12":"product_cat-industria","13":"product_cat-serveis","14":"tm-has-options","16":"first","17":"instock","18":"taxable","19":"shipping-taxable","20":"purchasable","21":"product-type-simple"},"_links":{"self":[{"href":"https:\/\/uniformelaboral.com\/index.php\/wp-json\/wp\/v2\/product\/21870","targetHints":{"allow":["GET"]}}],"collection":[{"href":"https:\/\/uniformelaboral.com\/index.php\/wp-json\/wp\/v2\/product"}],"about":[{"href":"https:\/\/uniformelaboral.com\/index.php\/wp-json\/wp\/v2\/types\/product"}],"wp:featuredmedia":[{"embeddable":true,"href":"https:\/\/uniformelaboral.com\/index.php\/wp-json\/wp\/v2\/media\/21876"}],"wp:attachment":[{"href":"https:\/\/uniformelaboral.com\/index.php\/wp-json\/wp\/v2\/media?parent=21870"}],"wp:term":[{"taxonomy":"product_brand","embeddable":true,"href":"https:\/\/uniformelaboral.com\/index.php\/wp-json\/wp\/v2\/product_brand?post=21870"},{"taxonomy":"product_cat","embeddable":true,"href":"https:\/\/uniformelaboral.com\/index.php\/wp-json\/wp\/v2\/product_cat?post=21870"},{"taxonomy":"product_tag","embeddable":true,"href":"https:\/\/uniformelaboral.com\/index.php\/wp-json\/wp\/v2\/product_tag?post=21870"}],"curies":[{"name":"wp","href":"https:\/\/api.w.org\/{rel}","templated":true}]}}