{"id":21855,"date":"2024-08-21T17:32:13","date_gmt":"2024-08-21T15:32:13","guid":{"rendered":"https:\/\/uniformelaboral.com\/?post_type=product&#038;p=21855"},"modified":"2024-08-23T11:56:14","modified_gmt":"2024-08-23T09:56:14","slug":"sabata-forza-sporty-s3-si-ci-src-negro-esd-56e","status":"publish","type":"product","link":"https:\/\/uniformelaboral.com\/index.php\/producto\/sabata-forza-sporty-s3-si-ci-src-negro-esd-56e\/","title":{"rendered":"SABATA PANTER FORZA SPORTY S3 SI CI SRC NEGRO ESD \/ 56\u20ac"},"content":{"rendered":"","protected":false},"excerpt":{"rendered":"<h5><img loading=\"lazy\" decoding=\"async\" class=\" wp-image-21860 alignleft\" src=\"https:\/\/uniformelaboral.com\/wp-content\/uploads\/2024\/08\/logo-1655378203.jpg\" alt=\"\" width=\"225\" height=\"61\" \/>Cal\u00e7at de seguretat\u00a0 S3 SI CI SRC ultra resistent amb un modern disseny esportiu. Incorpora la nova tecnologia ARMOTEX\u00ae, resist\u00e8ncia 10 vegades superior als actuals materials, utilitzats en condicions extremes. Fabricaci\u00f3 respectuosa amb el medi ambient. Especial per a tallers meac\u00e0nics de automoci\u00f3<\/h5>\n<p><img loading=\"lazy\" decoding=\"async\" class=\"size-medium wp-image-21861 aligncenter\" src=\"https:\/\/uniformelaboral.com\/wp-content\/uploads\/2024\/08\/Forza-sporty-300x61.jpg\" alt=\"\" width=\"300\" height=\"61\" srcset=\"https:\/\/uniformelaboral.com\/wp-content\/uploads\/2024\/08\/Forza-sporty-300x61.jpg 300w, https:\/\/uniformelaboral.com\/wp-content\/uploads\/2024\/08\/Forza-sporty-416x85.jpg 416w, https:\/\/uniformelaboral.com\/wp-content\/uploads\/2024\/08\/Forza-sporty.jpg 610w\" sizes=\"auto, (max-width: 300px) 100vw, 300px\" \/><\/p>\n<h5><a href=\"https:\/\/www.panter.es\/es\/sporty\/11-6689-forza-sporty-s3-gris-esd.html#attachments\" target=\"_blank\" rel=\"noopener noreferrer\">FITXA T\u00c9CNICA<\/a><\/h5>\n<h6 style=\"text-align: right;\"><a href=\"https:\/\/docs.panter.es\/pdf\/CATALOGO_PANTER_2023.pdf\" target=\"_blank\" rel=\"noopener noreferrer\">CONSULTAR CAT\u00c1LEG<\/a><\/h6>\n<h6 style=\"text-align: right;\"><a href=\"https:\/\/uniformelaboral.com\/index.php\/contacte\/\" target=\"_blank\" rel=\"noopener noreferrer\">CONTACTAR AMB NOSALTRES<\/a><\/h6>\n","protected":false},"featured_media":21856,"template":"","meta":{"_joinchat":[]},"product_brand":[],"product_cat":[33,129,801,37,810,838,806,38],"product_tag":[],"class_list":{"0":"post-21855","1":"product","2":"type-product","3":"status-publish","4":"has-post-thumbnail","6":"product_cat-sabates-seguretat","7":"product_cat-calcats-serveis","8":"product_cat-calcats2-industria","9":"product_cat-industria","10":"product_cat-sabates2-industria","11":"product_cat-sabates-serveis","12":"product_cat-sabates","13":"product_cat-serveis","14":"tm-has-options","16":"first","17":"instock","18":"taxable","19":"shipping-taxable","20":"purchasable","21":"product-type-simple"},"_links":{"self":[{"href":"https:\/\/uniformelaboral.com\/index.php\/wp-json\/wp\/v2\/product\/21855","targetHints":{"allow":["GET"]}}],"collection":[{"href":"https:\/\/uniformelaboral.com\/index.php\/wp-json\/wp\/v2\/product"}],"about":[{"href":"https:\/\/uniformelaboral.com\/index.php\/wp-json\/wp\/v2\/types\/product"}],"wp:featuredmedia":[{"embeddable":true,"href":"https:\/\/uniformelaboral.com\/index.php\/wp-json\/wp\/v2\/media\/21856"}],"wp:attachment":[{"href":"https:\/\/uniformelaboral.com\/index.php\/wp-json\/wp\/v2\/media?parent=21855"}],"wp:term":[{"taxonomy":"product_brand","embeddable":true,"href":"https:\/\/uniformelaboral.com\/index.php\/wp-json\/wp\/v2\/product_brand?post=21855"},{"taxonomy":"product_cat","embeddable":true,"href":"https:\/\/uniformelaboral.com\/index.php\/wp-json\/wp\/v2\/product_cat?post=21855"},{"taxonomy":"product_tag","embeddable":true,"href":"https:\/\/uniformelaboral.com\/index.php\/wp-json\/wp\/v2\/product_tag?post=21855"}],"curies":[{"name":"wp","href":"https:\/\/api.w.org\/{rel}","templated":true}]}}