{"id":21811,"date":"2024-08-20T17:40:58","date_gmt":"2024-08-20T15:40:58","guid":{"rendered":"https:\/\/uniformelaboral.com\/?post_type=product&#038;p=21811"},"modified":"2024-08-23T09:49:54","modified_gmt":"2024-08-23T07:49:54","slug":"samarreta-unniform-paddle-16e","status":"publish","type":"product","link":"https:\/\/uniformelaboral.com\/index.php\/producto\/samarreta-unniform-paddle-16e\/","title":{"rendered":"SAMARRETA UNNIFORM PADDLE \/ 13.50\u20ac"},"content":{"rendered":"","protected":false},"excerpt":{"rendered":"<h5><img loading=\"lazy\" decoding=\"async\" class=\" wp-image-21814 alignleft\" src=\"https:\/\/uniformelaboral.com\/wp-content\/uploads\/2024\/08\/LOGO-PADDLE-300x108.jpg\" alt=\"\" width=\"208\" height=\"75\" srcset=\"https:\/\/uniformelaboral.com\/wp-content\/uploads\/2024\/08\/LOGO-PADDLE-300x108.jpg 300w, https:\/\/uniformelaboral.com\/wp-content\/uploads\/2024\/08\/LOGO-PADDLE-416x150.jpg 416w, https:\/\/uniformelaboral.com\/wp-content\/uploads\/2024\/08\/LOGO-PADDLE.jpg 591w\" sizes=\"auto, (max-width: 208px) 100vw, 208px\" \/>Samarreta de m\u00e0niga curta, coll rod\u00f3 de 4 capes i cobreix costures refor\u00e7at en coll i espatlles. Costures laterals.<br \/>\nLa samarreta UNNIFORM la pots personalitzar amb el sport, o nom que vulguis.<\/h5>\n<h5>Composici\u00f3 Mostra gramatge a: 100% cot\u00f3, punt llis, 165 g \/ m\u00b2<\/h5>\n<h6 style=\"text-align: right;\"><a href=\"https:\/\/uniformelaboral.com\/index.php\/contacte\/\" target=\"_blank\" rel=\"noopener noreferrer\">CONTACTAR AMB NOSALTRES<\/a><\/h6>\n","protected":false},"featured_media":21806,"template":"","meta":{"_joinchat":[]},"product_brand":[],"product_cat":[973,966,654],"product_tag":[],"class_list":{"0":"post-21811","1":"product","2":"type-product","3":"status-publish","4":"has-post-thumbnail","6":"product_cat-maniga-curta-14","7":"product_cat-semarretes-sport","8":"product_cat-sports-indumentaria-base","9":"tm-has-options","11":"first","12":"instock","13":"taxable","14":"shipping-taxable","15":"purchasable","16":"product-type-simple"},"_links":{"self":[{"href":"https:\/\/uniformelaboral.com\/index.php\/wp-json\/wp\/v2\/product\/21811","targetHints":{"allow":["GET"]}}],"collection":[{"href":"https:\/\/uniformelaboral.com\/index.php\/wp-json\/wp\/v2\/product"}],"about":[{"href":"https:\/\/uniformelaboral.com\/index.php\/wp-json\/wp\/v2\/types\/product"}],"wp:featuredmedia":[{"embeddable":true,"href":"https:\/\/uniformelaboral.com\/index.php\/wp-json\/wp\/v2\/media\/21806"}],"wp:attachment":[{"href":"https:\/\/uniformelaboral.com\/index.php\/wp-json\/wp\/v2\/media?parent=21811"}],"wp:term":[{"taxonomy":"product_brand","embeddable":true,"href":"https:\/\/uniformelaboral.com\/index.php\/wp-json\/wp\/v2\/product_brand?post=21811"},{"taxonomy":"product_cat","embeddable":true,"href":"https:\/\/uniformelaboral.com\/index.php\/wp-json\/wp\/v2\/product_cat?post=21811"},{"taxonomy":"product_tag","embeddable":true,"href":"https:\/\/uniformelaboral.com\/index.php\/wp-json\/wp\/v2\/product_tag?post=21811"}],"curies":[{"name":"wp","href":"https:\/\/api.w.org\/{rel}","templated":true}]}}