{"id":21774,"date":"2023-10-30T12:07:18","date_gmt":"2023-10-30T11:07:18","guid":{"rendered":"https:\/\/uniformelaboral.com\/?post_type=product&#038;p=21774"},"modified":"2023-10-30T12:43:15","modified_gmt":"2023-10-30T11:43:15","slug":"dessuadora-elastica-woman-work-s7555-1799e","status":"publish","type":"product","link":"https:\/\/uniformelaboral.com\/index.php\/producto\/dessuadora-elastica-woman-work-s7555-1799e\/","title":{"rendered":"DESSUADORA EL\u00c0STICA WOMAN WORK S7555 \/ 17,99\u20ac"},"content":{"rendered":"","protected":false},"excerpt":{"rendered":"<p><img loading=\"lazy\" decoding=\"async\" class=\" wp-image-19952 alignleft\" src=\"https:\/\/uniformelaboral.com\/wp-content\/uploads\/2020\/08\/logo_workteam_negro-300x243.png\" alt=\"\" width=\"120\" height=\"97\" srcset=\"https:\/\/uniformelaboral.com\/wp-content\/uploads\/2020\/08\/logo_workteam_negro-300x243.png 300w, https:\/\/uniformelaboral.com\/wp-content\/uploads\/2020\/08\/logo_workteam_negro-416x337.png 416w, https:\/\/uniformelaboral.com\/wp-content\/uploads\/2020\/08\/logo_workteam_negro.png 450w\" sizes=\"auto, (max-width: 120px) 100vw, 120px\" \/>Dessuadora de coll mao. Tancament de mitja cremallera de nil\u00f3 de tancament invertit. Cobreix costures a l&#8217;interior del coll. Costures planes combinades que eviten els frecs. Disseny estilitzat i adaptable a la forma del cos. Ideal per practicar esport.<\/p>\n<p>Composici\u00f3 90% Poli\u00e8ster 10% Elast\u00e0<\/p>\n<h6><a href=\"https:\/\/workteam.com\/fichas\/tallas\/S7555.jpg\" target=\"_blank\" rel=\"noopener noreferrer\">TAULA DE TALLES<\/a><\/h6>\n<h6 style=\"text-align: right;\"><a href=\"https:\/\/workteam.com\/seccion_detalle.php?ref=S7555&amp;color=NG_TQ\" target=\"_blank\" rel=\"noopener noreferrer\">CONSULTAR CAT\u00c1LEG<\/a><\/h6>\n<h6 style=\"text-align: right;\"><a href=\"https:\/\/uniformelaboral.com\/index.php\/contacte\/\" target=\"_blank\" rel=\"noopener noreferrer\">CONTACTAR AMB NOSALTRES<\/a><\/h6>\n<p>&nbsp;<\/p>\n","protected":false},"featured_media":21777,"template":"","meta":{"_joinchat":[]},"product_brand":[],"product_cat":[1029,654],"product_tag":[],"class_list":{"0":"post-21774","1":"product","2":"type-product","3":"status-publish","4":"has-post-thumbnail","6":"product_cat-dessuadores-sports-indumentaria-base","7":"product_cat-sports-indumentaria-base","8":"tm-has-options","10":"first","11":"instock","12":"taxable","13":"shipping-taxable","14":"purchasable","15":"product-type-simple"},"_links":{"self":[{"href":"https:\/\/uniformelaboral.com\/index.php\/wp-json\/wp\/v2\/product\/21774","targetHints":{"allow":["GET"]}}],"collection":[{"href":"https:\/\/uniformelaboral.com\/index.php\/wp-json\/wp\/v2\/product"}],"about":[{"href":"https:\/\/uniformelaboral.com\/index.php\/wp-json\/wp\/v2\/types\/product"}],"wp:featuredmedia":[{"embeddable":true,"href":"https:\/\/uniformelaboral.com\/index.php\/wp-json\/wp\/v2\/media\/21777"}],"wp:attachment":[{"href":"https:\/\/uniformelaboral.com\/index.php\/wp-json\/wp\/v2\/media?parent=21774"}],"wp:term":[{"taxonomy":"product_brand","embeddable":true,"href":"https:\/\/uniformelaboral.com\/index.php\/wp-json\/wp\/v2\/product_brand?post=21774"},{"taxonomy":"product_cat","embeddable":true,"href":"https:\/\/uniformelaboral.com\/index.php\/wp-json\/wp\/v2\/product_cat?post=21774"},{"taxonomy":"product_tag","embeddable":true,"href":"https:\/\/uniformelaboral.com\/index.php\/wp-json\/wp\/v2\/product_tag?post=21774"}],"curies":[{"name":"wp","href":"https:\/\/api.w.org\/{rel}","templated":true}]}}