{"id":21768,"date":"2023-10-30T11:44:59","date_gmt":"2023-10-30T10:44:59","guid":{"rendered":"https:\/\/uniformelaboral.com\/?post_type=product&#038;p=21768"},"modified":"2023-10-30T12:03:44","modified_gmt":"2023-10-30T11:03:44","slug":"malles-leggins-woman-work-s7501-1057e","status":"publish","type":"product","link":"https:\/\/uniformelaboral.com\/index.php\/producto\/malles-leggins-woman-work-s7501-1057e\/","title":{"rendered":"MALLES LEGGINS WOMAN WORK S7501 \/ 10,57\u20ac"},"content":{"rendered":"","protected":false},"excerpt":{"rendered":"<p><img loading=\"lazy\" decoding=\"async\" class=\" wp-image-19952 alignleft\" src=\"https:\/\/uniformelaboral.com\/wp-content\/uploads\/2020\/08\/logo_workteam_negro-300x243.png\" alt=\"\" width=\"120\" height=\"97\" srcset=\"https:\/\/uniformelaboral.com\/wp-content\/uploads\/2020\/08\/logo_workteam_negro-300x243.png 300w, https:\/\/uniformelaboral.com\/wp-content\/uploads\/2020\/08\/logo_workteam_negro-416x337.png 416w, https:\/\/uniformelaboral.com\/wp-content\/uploads\/2020\/08\/logo_workteam_negro.png 450w\" sizes=\"auto, (max-width: 120px) 100vw, 120px\" \/>Leggin el\u00e0stic, cintura teixit interior combinat, butxaca del darrere amb tanca de cremallera.<\/p>\n<p>Composici\u00f3 90% Poli\u00e8ster 10% Elast\u00e0<\/p>\n<p>&nbsp;<\/p>\n<h6><a href=\"https:\/\/workteam.com\/fichas\/tallas\/S7501.jpg\" target=\"_blank\" rel=\"noopener noreferrer\">TAULA DE TALLES<\/a><\/h6>\n<h6 style=\"text-align: right;\"><a href=\"https:\/\/workteam.com\/seccion_detalle.php?ref=S7501&amp;color=NG_RSF\" target=\"_blank\" rel=\"noopener noreferrer\">CONSULTAR CAT\u00c1LEG<\/a><\/h6>\n<h6 style=\"text-align: right;\"><a href=\"https:\/\/uniformelaboral.com\/index.php\/contacte\/\" target=\"_blank\" rel=\"noopener noreferrer\">CONTACTAR AMB NOSALTRES<\/a><\/h6>\n<p>&nbsp;<\/p>\n","protected":false},"featured_media":21770,"template":"","meta":{"_joinchat":[]},"product_brand":[],"product_cat":[978,968,654],"product_tag":[],"class_list":{"0":"post-21768","1":"product","2":"type-product","3":"status-publish","4":"has-post-thumbnail","6":"product_cat-llargs","7":"product_cat-pantalons-sport","8":"product_cat-sports-indumentaria-base","9":"tm-has-options","11":"first","12":"instock","13":"taxable","14":"shipping-taxable","15":"purchasable","16":"product-type-simple"},"_links":{"self":[{"href":"https:\/\/uniformelaboral.com\/index.php\/wp-json\/wp\/v2\/product\/21768","targetHints":{"allow":["GET"]}}],"collection":[{"href":"https:\/\/uniformelaboral.com\/index.php\/wp-json\/wp\/v2\/product"}],"about":[{"href":"https:\/\/uniformelaboral.com\/index.php\/wp-json\/wp\/v2\/types\/product"}],"wp:featuredmedia":[{"embeddable":true,"href":"https:\/\/uniformelaboral.com\/index.php\/wp-json\/wp\/v2\/media\/21770"}],"wp:attachment":[{"href":"https:\/\/uniformelaboral.com\/index.php\/wp-json\/wp\/v2\/media?parent=21768"}],"wp:term":[{"taxonomy":"product_brand","embeddable":true,"href":"https:\/\/uniformelaboral.com\/index.php\/wp-json\/wp\/v2\/product_brand?post=21768"},{"taxonomy":"product_cat","embeddable":true,"href":"https:\/\/uniformelaboral.com\/index.php\/wp-json\/wp\/v2\/product_cat?post=21768"},{"taxonomy":"product_tag","embeddable":true,"href":"https:\/\/uniformelaboral.com\/index.php\/wp-json\/wp\/v2\/product_tag?post=21768"}],"curies":[{"name":"wp","href":"https:\/\/api.w.org\/{rel}","templated":true}]}}