{"id":21751,"date":"2023-09-15T12:10:43","date_gmt":"2023-09-15T10:10:43","guid":{"rendered":"https:\/\/uniformelaboral.com\/?post_type=product&#038;p=21751"},"modified":"2023-09-15T12:55:46","modified_gmt":"2023-09-15T10:55:46","slug":"dessuadora-coto-sols-columbia-03814-1144e","status":"publish","type":"product","link":"https:\/\/uniformelaboral.com\/index.php\/producto\/dessuadora-coto-sols-columbia-03814-1144e\/","title":{"rendered":"DESSUADORA COT\u00d3 SOL&#8217;S COLUMBIA 03814 \/ 11,44\u20ac"},"content":{"rendered":"","protected":false},"excerpt":{"rendered":"<p><img loading=\"lazy\" decoding=\"async\" class=\" wp-image-20994 alignleft\" src=\"https:\/\/uniformelaboral.com\/wp-content\/uploads\/2023\/07\/SOLS-logo-avec-baseline-Noir-RVB-300x200.jpg\" alt=\"\" width=\"158\" height=\"105\" srcset=\"https:\/\/uniformelaboral.com\/wp-content\/uploads\/2023\/07\/SOLS-logo-avec-baseline-Noir-RVB-300x200.jpg 300w, https:\/\/uniformelaboral.com\/wp-content\/uploads\/2023\/07\/SOLS-logo-avec-baseline-Noir-RVB-768x513.jpg 768w, https:\/\/uniformelaboral.com\/wp-content\/uploads\/2023\/07\/SOLS-logo-avec-baseline-Noir-RVB-416x278.jpg 416w, https:\/\/uniformelaboral.com\/wp-content\/uploads\/2023\/07\/SOLS-logo-avec-baseline-Noir-RVB.jpg 997w\" sizes=\"auto, (max-width: 158px) 100vw, 158px\" \/><\/p>\n<p class=\"product-short-description\">SUADERA UNISEX COLL ROD\u00d3<\/p>\n<p class=\"product-short-description\">Coll rod\u00f3, M\u00e0nigues muntades, Tallada i cosida, Acabat de canal\u00e9 1&#215;1 al coll, punys i baix, Mitja lluna i tapacostures de punt llis al coll<\/p>\n<p>COMPOSICI\u00d3<br \/>\n80% algod\u00f3n &#8211; 20% poli\u00e9ster\u00a0 reciclat certificat GRS<\/p>\n<h6 style=\"text-align: left;\"><a href=\"https:\/\/www.sologroup-spain.com\/es_ES\/pdfpublication\/pdf\/product\/sku\/03814\/store\/28\/type\/template_map\/\">FITXA TECNICA<\/a><\/h6>\n<h6 style=\"text-align: right;\"><a href=\"https:\/\/uniformelaboral.com\/index.php\/contacte\/\" target=\"_blank\" rel=\"noopener noreferrer\">CONTACTAR AMB NOSALTRES<\/a><\/h6>\n","protected":false},"featured_media":21752,"template":"","meta":{"_joinchat":[]},"product_brand":[],"product_cat":[36,722,1029,878,37,925,748,38,654,969],"product_tag":[],"class_list":{"0":"post-21751","1":"product","2":"type-product","3":"status-publish","4":"has-post-thumbnail","6":"product_cat-alimentacio","7":"product_cat-dessuadores-3","8":"product_cat-dessuadores-sports-indumentaria-base","9":"product_cat-dessuadores-4","10":"product_cat-industria","11":"product_cat-polar-sudadera-alimentacio","12":"product_cat-polars-2","13":"product_cat-serveis","14":"product_cat-sports-indumentaria-base","15":"product_cat-xandalls","16":"tm-has-options","18":"first","19":"instock","20":"taxable","21":"shipping-taxable","22":"purchasable","23":"product-type-simple"},"_links":{"self":[{"href":"https:\/\/uniformelaboral.com\/index.php\/wp-json\/wp\/v2\/product\/21751","targetHints":{"allow":["GET"]}}],"collection":[{"href":"https:\/\/uniformelaboral.com\/index.php\/wp-json\/wp\/v2\/product"}],"about":[{"href":"https:\/\/uniformelaboral.com\/index.php\/wp-json\/wp\/v2\/types\/product"}],"wp:featuredmedia":[{"embeddable":true,"href":"https:\/\/uniformelaboral.com\/index.php\/wp-json\/wp\/v2\/media\/21752"}],"wp:attachment":[{"href":"https:\/\/uniformelaboral.com\/index.php\/wp-json\/wp\/v2\/media?parent=21751"}],"wp:term":[{"taxonomy":"product_brand","embeddable":true,"href":"https:\/\/uniformelaboral.com\/index.php\/wp-json\/wp\/v2\/product_brand?post=21751"},{"taxonomy":"product_cat","embeddable":true,"href":"https:\/\/uniformelaboral.com\/index.php\/wp-json\/wp\/v2\/product_cat?post=21751"},{"taxonomy":"product_tag","embeddable":true,"href":"https:\/\/uniformelaboral.com\/index.php\/wp-json\/wp\/v2\/product_tag?post=21751"}],"curies":[{"name":"wp","href":"https:\/\/api.w.org\/{rel}","templated":true}]}}