{"id":20993,"date":"2023-07-28T13:12:25","date_gmt":"2023-07-28T11:12:25","guid":{"rendered":"https:\/\/uniformelaboral.com\/?post_type=product&#038;p=20993"},"modified":"2023-08-07T19:03:22","modified_gmt":"2023-08-07T17:03:22","slug":"soft-shell-sols-relax-29-47e","status":"publish","type":"product","link":"https:\/\/uniformelaboral.com\/index.php\/producto\/soft-shell-sols-relax-29-47e\/","title":{"rendered":"SOFT SHELL SOL&#8217;S RELAX  46600 \/ 29.47\u20ac"},"content":{"rendered":"","protected":false},"excerpt":{"rendered":"<p><img loading=\"lazy\" decoding=\"async\" class=\" wp-image-20994 alignleft\" src=\"https:\/\/uniformelaboral.com\/wp-content\/uploads\/2023\/07\/SOLS-logo-avec-baseline-Noir-RVB-300x200.jpg\" alt=\"\" width=\"159\" height=\"106\" srcset=\"https:\/\/uniformelaboral.com\/wp-content\/uploads\/2023\/07\/SOLS-logo-avec-baseline-Noir-RVB-300x200.jpg 300w, https:\/\/uniformelaboral.com\/wp-content\/uploads\/2023\/07\/SOLS-logo-avec-baseline-Noir-RVB-768x513.jpg 768w, https:\/\/uniformelaboral.com\/wp-content\/uploads\/2023\/07\/SOLS-logo-avec-baseline-Noir-RVB-416x278.jpg 416w, https:\/\/uniformelaboral.com\/wp-content\/uploads\/2023\/07\/SOLS-logo-avec-baseline-Noir-RVB.jpg 997w\" sizes=\"auto, (max-width: 159px) 100vw, 159px\" \/>JAQUETA D&#8217;HOME AMB CREMALLERA SOFTSHELL<br \/>\n2 butxaques laterals amb cremallera<br \/>\n1 butxaca al pit<br \/>\nCord\u00f3 ajustable a la cintura<br \/>\nPuny ajustable amb velcro\u00ae<br \/>\nCOMPOSICI\u00d3<br \/>\n94% poli\u00e8ster &#8211; 6% elast\u00e0 Folre polar interior de 100% poli\u00e8ster 3 capes 8000mm membrana impermeable i transpirable<\/p>\n<h6><img loading=\"lazy\" decoding=\"async\" class=\"wp-image-20995 aligncenter\" src=\"https:\/\/uniformelaboral.com\/wp-content\/uploads\/2023\/07\/RELAX-300x66.jpg\" alt=\"\" width=\"264\" height=\"58\" srcset=\"https:\/\/uniformelaboral.com\/wp-content\/uploads\/2023\/07\/RELAX-300x66.jpg 300w, https:\/\/uniformelaboral.com\/wp-content\/uploads\/2023\/07\/RELAX-768x169.jpg 768w, https:\/\/uniformelaboral.com\/wp-content\/uploads\/2023\/07\/RELAX-416x92.jpg 416w, https:\/\/uniformelaboral.com\/wp-content\/uploads\/2023\/07\/RELAX.jpg 871w\" sizes=\"auto, (max-width: 264px) 100vw, 264px\" \/><a href=\"https:\/\/www.sologroup-spain.com\/es_ES\/pdfpublication\/pdf\/product\/sku\/46600\/store\/28\/type\/template_map\/\" target=\"_blank\" rel=\"noopener\">FITXA TECNICA<\/a><\/h6>\n<h6 style=\"text-align: right;\"><a href=\"https:\/\/uniformelaboral.com\/index.php\/contacte\/\" target=\"_blank\" rel=\"noopener noreferrer\">CONTACTAR AMB NOSALTRES<\/a><\/h6>\n","protected":false},"featured_media":20996,"template":"","meta":{"_joinchat":[]},"product_brand":[],"product_cat":[37,153,932,38],"product_tag":[],"class_list":{"0":"post-20993","1":"product","2":"type-product","3":"status-publish","4":"has-post-thumbnail","6":"product_cat-industria","7":"product_cat-xaquetes-w-shell","8":"product_cat-jaquetes-soft-shell","9":"product_cat-serveis","10":"tm-has-options","12":"first","13":"instock","14":"taxable","15":"shipping-taxable","16":"purchasable","17":"product-type-simple"},"_links":{"self":[{"href":"https:\/\/uniformelaboral.com\/index.php\/wp-json\/wp\/v2\/product\/20993","targetHints":{"allow":["GET"]}}],"collection":[{"href":"https:\/\/uniformelaboral.com\/index.php\/wp-json\/wp\/v2\/product"}],"about":[{"href":"https:\/\/uniformelaboral.com\/index.php\/wp-json\/wp\/v2\/types\/product"}],"wp:featuredmedia":[{"embeddable":true,"href":"https:\/\/uniformelaboral.com\/index.php\/wp-json\/wp\/v2\/media\/20996"}],"wp:attachment":[{"href":"https:\/\/uniformelaboral.com\/index.php\/wp-json\/wp\/v2\/media?parent=20993"}],"wp:term":[{"taxonomy":"product_brand","embeddable":true,"href":"https:\/\/uniformelaboral.com\/index.php\/wp-json\/wp\/v2\/product_brand?post=20993"},{"taxonomy":"product_cat","embeddable":true,"href":"https:\/\/uniformelaboral.com\/index.php\/wp-json\/wp\/v2\/product_cat?post=20993"},{"taxonomy":"product_tag","embeddable":true,"href":"https:\/\/uniformelaboral.com\/index.php\/wp-json\/wp\/v2\/product_tag?post=20993"}],"curies":[{"name":"wp","href":"https:\/\/api.w.org\/{rel}","templated":true}]}}