{"id":20987,"date":"2023-07-28T11:59:54","date_gmt":"2023-07-28T09:59:54","guid":{"rendered":"https:\/\/uniformelaboral.com\/?post_type=product&#038;p=20987"},"modified":"2023-07-28T12:16:41","modified_gmt":"2023-07-28T10:16:41","slug":"sabata-extreme-stretch-slip-on-en-iso-20345-s1p-src-60e","status":"publish","type":"product","link":"https:\/\/uniformelaboral.com\/index.php\/producto\/sabata-extreme-stretch-slip-on-en-iso-20345-s1p-src-60e\/","title":{"rendered":"SABATA EXTREME STRETCH SLIP ON  EN ISO 20345 S1P SRC \/ 60\u20ac"},"content":{"rendered":"","protected":false},"excerpt":{"rendered":"<p><img loading=\"lazy\" decoding=\"async\" class=\"wp-image-18402 alignleft\" src=\"https:\/\/uniformelaboral.com\/wp-content\/uploads\/2022\/03\/ICONO-LOGO-ISSALINE-1-300x124.jpg\" alt=\"\" width=\"150\" height=\"62\" srcset=\"https:\/\/uniformelaboral.com\/wp-content\/uploads\/2022\/03\/ICONO-LOGO-ISSALINE-1-300x124.jpg 300w, https:\/\/uniformelaboral.com\/wp-content\/uploads\/2022\/03\/ICONO-LOGO-ISSALINE-1-416x172.jpg 416w, https:\/\/uniformelaboral.com\/wp-content\/uploads\/2022\/03\/ICONO-LOGO-ISSALINE-1-700x289.jpg 700w, https:\/\/uniformelaboral.com\/wp-content\/uploads\/2022\/03\/ICONO-LOGO-ISSALINE-1.jpg 708w\" sizes=\"auto, (max-width: 150px) 100vw, 150px\" \/><\/p>\n<p>METAL FREE<br \/>\nEMPEINE: mitj\u00e0, en teixit transpirable amb refor\u00e7 antiabrasi\u00f3 a la puntera.<br \/>\nPUNTERA: fibra de vidre.<br \/>\nL\u00c0MINA ANTIPERFORACI\u00d3: t\u00e8xtil.<br \/>\nSOLA: PU bidensitat antilliscant.<br \/>\nPLANTILLA: teixit confort Foam System<br \/>\nPLUS: Collar\u00ed i lleng\u00fceta stretch i tipus mitj\u00f3 que garanteixen un major confort, i SHK SYSTEM (vastag de nil\u00f3\/pu estabilitzador)<br \/>\nTALLES: de 36 a 48<\/p>\n<p>SHK SYSTEM: V\u00e1stago en nil\u00f3 inserit a la part posterior de la sabata amb efecte estabilitzador per a la postura i control del punt correcte de flexi\u00f3 de la sola.<\/p>\n<h6><\/h6>\n<h6 style=\"text-align: right;\"><\/h6>\n<h6 style=\"text-align: right;\"><a href=\"https:\/\/uniformelaboral.com\/index.php\/contacte\/\" target=\"_blank\" rel=\"noopener noreferrer\">CONTACTAR AMB NOSALTRES<\/a><\/h6>\n","protected":false},"featured_media":20988,"template":"","meta":{"_joinchat":[]},"product_brand":[],"product_cat":[33,129,801,37,838,806,810,38],"product_tag":[],"class_list":{"0":"post-20987","1":"product","2":"type-product","3":"status-publish","4":"has-post-thumbnail","6":"product_cat-sabates-seguretat","7":"product_cat-calcats-serveis","8":"product_cat-calcats2-industria","9":"product_cat-industria","10":"product_cat-sabates-serveis","11":"product_cat-sabates","12":"product_cat-sabates2-industria","13":"product_cat-serveis","14":"tm-has-options","16":"first","17":"instock","18":"taxable","19":"shipping-taxable","20":"purchasable","21":"product-type-simple"},"_links":{"self":[{"href":"https:\/\/uniformelaboral.com\/index.php\/wp-json\/wp\/v2\/product\/20987","targetHints":{"allow":["GET"]}}],"collection":[{"href":"https:\/\/uniformelaboral.com\/index.php\/wp-json\/wp\/v2\/product"}],"about":[{"href":"https:\/\/uniformelaboral.com\/index.php\/wp-json\/wp\/v2\/types\/product"}],"wp:featuredmedia":[{"embeddable":true,"href":"https:\/\/uniformelaboral.com\/index.php\/wp-json\/wp\/v2\/media\/20988"}],"wp:attachment":[{"href":"https:\/\/uniformelaboral.com\/index.php\/wp-json\/wp\/v2\/media?parent=20987"}],"wp:term":[{"taxonomy":"product_brand","embeddable":true,"href":"https:\/\/uniformelaboral.com\/index.php\/wp-json\/wp\/v2\/product_brand?post=20987"},{"taxonomy":"product_cat","embeddable":true,"href":"https:\/\/uniformelaboral.com\/index.php\/wp-json\/wp\/v2\/product_cat?post=20987"},{"taxonomy":"product_tag","embeddable":true,"href":"https:\/\/uniformelaboral.com\/index.php\/wp-json\/wp\/v2\/product_tag?post=20987"}],"curies":[{"name":"wp","href":"https:\/\/api.w.org\/{rel}","templated":true}]}}