{"id":18397,"date":"2022-03-25T18:29:34","date_gmt":"2022-03-25T17:29:34","guid":{"rendered":"https:\/\/uniformelaboral.com\/?post_type=product&#038;p=18397"},"modified":"2023-03-13T11:24:28","modified_gmt":"2023-03-13T10:24:28","slug":"ulleres-gafa-v-maxx-1006193-en-166-170","status":"publish","type":"product","link":"https:\/\/uniformelaboral.com\/index.php\/producto\/ulleres-gafa-v-maxx-1006193-en-166-170\/","title":{"rendered":"ULLERES  V-MAXX &#8211; 1006193  EN 166\/170 \/ 9.40\u20ac"},"content":{"rendered":"","protected":false},"excerpt":{"rendered":"<p><img loading=\"lazy\" decoding=\"async\" class=\"wp-image-20138 alignleft\" src=\"https:\/\/uniformelaboral.com\/wp-content\/uploads\/2022\/03\/Honeywell_logo-1-300x67.png\" alt=\"\" width=\"188\" height=\"42\" srcset=\"https:\/\/uniformelaboral.com\/wp-content\/uploads\/2022\/03\/Honeywell_logo-1-300x67.png 300w, https:\/\/uniformelaboral.com\/wp-content\/uploads\/2022\/03\/Honeywell_logo-1-1024x229.png 1024w, https:\/\/uniformelaboral.com\/wp-content\/uploads\/2022\/03\/Honeywell_logo-1-768x172.png 768w, https:\/\/uniformelaboral.com\/wp-content\/uploads\/2022\/03\/Honeywell_logo-1-1536x344.png 1536w, https:\/\/uniformelaboral.com\/wp-content\/uploads\/2022\/03\/Honeywell_logo-1-2048x459.png 2048w, https:\/\/uniformelaboral.com\/wp-content\/uploads\/2022\/03\/Honeywell_logo-1-416x93.png 416w\" sizes=\"auto, (max-width: 188px) 100vw, 188px\" \/>Ulleres de muntura integral amb ventilaci\u00f3 indirecta que garanteix la conformitat amb la prova de resist\u00e8ncia a les projeccions de l\u00edquids i nombroses subst\u00e0ncies qu\u00edmiques. S&#8217;adapta a qualsevol oval facial, es pot superposar sobre ulleres correctores. Cinta el\u00e0stica, amb regulaci\u00f3 r\u00e0pida. Subjecci\u00f3 duna banda el\u00e0stica per a una millor compatibilitat amb un casc. Lent antiesgarrapades. Pes 93 grams.<\/p>\n<p>&nbsp;<\/p>\n<p><img loading=\"lazy\" decoding=\"async\" class=\" wp-image-20135 aligncenter\" src=\"https:\/\/uniformelaboral.com\/wp-content\/uploads\/2022\/03\/ICONO-LOGO-ESTARTER-300x124.jpg\" alt=\"\" width=\"145\" height=\"60\" srcset=\"https:\/\/uniformelaboral.com\/wp-content\/uploads\/2022\/03\/ICONO-LOGO-ESTARTER-300x124.jpg 300w, https:\/\/uniformelaboral.com\/wp-content\/uploads\/2022\/03\/ICONO-LOGO-ESTARTER-768x317.jpg 768w, https:\/\/uniformelaboral.com\/wp-content\/uploads\/2022\/03\/ICONO-LOGO-ESTARTER-416x171.jpg 416w, https:\/\/uniformelaboral.com\/wp-content\/uploads\/2022\/03\/ICONO-LOGO-ESTARTER.jpg 1014w\" sizes=\"auto, (max-width: 145px) 100vw, 145px\" \/><\/p>\n<p>&nbsp;<\/p>\n<h6><\/h6>\n<h6><\/h6>\n<h6 style=\"text-align: right;\"><a href=\"https:\/\/www.industrialstarter.com\/es\/honeywell\" target=\"_blank\" rel=\"noopener noreferrer\">CONSULTAR CAT\u00c0LEG<\/a><\/h6>\n<h6 style=\"text-align: right;\"><a href=\"https:\/\/uniformelaboral.com\/index.php\/contacte\/\" target=\"_blank\" rel=\"noopener noreferrer\">CONTACTAR AMB NOSALTRES<\/a><\/h6>\n<h6><\/h6>\n<p>&nbsp;<\/p>\n","protected":false},"featured_media":20139,"template":"","meta":{"_joinchat":[]},"product_brand":[],"product_cat":[26,176,944],"product_tag":[],"class_list":{"0":"post-18397","1":"product","2":"type-product","3":"status-publish","4":"has-post-thumbnail","6":"product_cat-cascs-de-seguretat","7":"product_cat-proteccio-ocular-i-auditiva","8":"product_cat-ulleres","9":"tm-has-options","11":"first","12":"instock","13":"taxable","14":"shipping-taxable","15":"purchasable","16":"product-type-simple"},"_links":{"self":[{"href":"https:\/\/uniformelaboral.com\/index.php\/wp-json\/wp\/v2\/product\/18397","targetHints":{"allow":["GET"]}}],"collection":[{"href":"https:\/\/uniformelaboral.com\/index.php\/wp-json\/wp\/v2\/product"}],"about":[{"href":"https:\/\/uniformelaboral.com\/index.php\/wp-json\/wp\/v2\/types\/product"}],"wp:featuredmedia":[{"embeddable":true,"href":"https:\/\/uniformelaboral.com\/index.php\/wp-json\/wp\/v2\/media\/20139"}],"wp:attachment":[{"href":"https:\/\/uniformelaboral.com\/index.php\/wp-json\/wp\/v2\/media?parent=18397"}],"wp:term":[{"taxonomy":"product_brand","embeddable":true,"href":"https:\/\/uniformelaboral.com\/index.php\/wp-json\/wp\/v2\/product_brand?post=18397"},{"taxonomy":"product_cat","embeddable":true,"href":"https:\/\/uniformelaboral.com\/index.php\/wp-json\/wp\/v2\/product_cat?post=18397"},{"taxonomy":"product_tag","embeddable":true,"href":"https:\/\/uniformelaboral.com\/index.php\/wp-json\/wp\/v2\/product_tag?post=18397"}],"curies":[{"name":"wp","href":"https:\/\/api.w.org\/{rel}","templated":true}]}}