{"id":18206,"date":"2022-03-08T22:48:47","date_gmt":"2022-03-08T21:48:47","guid":{"rendered":"https:\/\/uniformelaboral.com\/?post_type=product&#038;p=18206"},"modified":"2023-03-23T11:40:48","modified_gmt":"2023-03-23T10:40:48","slug":"casc-centurion-s03cr-en-397-440v-a-c-mm","status":"publish","type":"product","link":"https:\/\/uniformelaboral.com\/index.php\/producto\/casc-centurion-s03cr-en-397-440v-a-c-mm\/","title":{"rendered":"CASC CENTURION S03CR EN 397 440V a.c., MM \/ 12.87\u20ac"},"content":{"rendered":"","protected":false},"excerpt":{"rendered":"<p><img loading=\"lazy\" decoding=\"async\" class=\" wp-image-20157 alignleft\" src=\"https:\/\/uniformelaboral.com\/wp-content\/uploads\/2022\/03\/CENTURION-1-300x117.jpg\" alt=\"\" width=\"162\" height=\"63\" srcset=\"https:\/\/uniformelaboral.com\/wp-content\/uploads\/2022\/03\/CENTURION-1-300x117.jpg 300w, https:\/\/uniformelaboral.com\/wp-content\/uploads\/2022\/03\/CENTURION-1-1024x400.jpg 1024w, https:\/\/uniformelaboral.com\/wp-content\/uploads\/2022\/03\/CENTURION-1-768x300.jpg 768w, https:\/\/uniformelaboral.com\/wp-content\/uploads\/2022\/03\/CENTURION-1-416x163.jpg 416w, https:\/\/uniformelaboral.com\/wp-content\/uploads\/2022\/03\/CENTURION-1.jpg 1409w\" sizes=\"auto, (max-width: 162px) 100vw, 162px\" \/><\/p>\n<p>ANSI\/ISEA Z89.1-2009 Tipus 1 Classe E (nom\u00e9s cascs no ventilats) Casc 1125 en polietil\u00e8 d&#8217;alta densitat, talatge t\u00e8xtil amb ajustament de rodeta, banda de suor a Nylon. Compatible amb orelleres, viseres i altres accessoris. Color: blanc.<\/p>\n<p>&nbsp;<\/p>\n<p>&nbsp;<\/p>\n<p>&nbsp;<\/p>\n<h6><\/h6>\n<h6><\/h6>\n<h6 style=\"text-align: right;\"><a href=\"https:\/\/www.industrialstarter.com\/es_es\/s03cr-casco-s03cr-s03cr.html\" target=\"_blank\" rel=\"noopener noreferrer\">CONSULTAR CAT\u00c0LEG<\/a><\/h6>\n<h6 style=\"text-align: right;\"><a href=\"https:\/\/uniformelaboral.com\/index.php\/contacte\/\" target=\"_blank\" rel=\"noopener noreferrer\">CONTACTAR AMB NOSALTRES<\/a><\/h6>\n<h6><\/h6>\n<p>&nbsp;<\/p>\n","protected":false},"featured_media":20225,"template":"","meta":{"_joinchat":[]},"product_brand":[],"product_cat":[34,26],"product_tag":[],"class_list":{"0":"post-18206","1":"product","2":"type-product","3":"status-publish","4":"has-post-thumbnail","6":"product_cat-cascs","7":"product_cat-cascs-de-seguretat","8":"tm-has-options","10":"first","11":"instock","12":"taxable","13":"shipping-taxable","14":"purchasable","15":"product-type-simple"},"_links":{"self":[{"href":"https:\/\/uniformelaboral.com\/index.php\/wp-json\/wp\/v2\/product\/18206","targetHints":{"allow":["GET"]}}],"collection":[{"href":"https:\/\/uniformelaboral.com\/index.php\/wp-json\/wp\/v2\/product"}],"about":[{"href":"https:\/\/uniformelaboral.com\/index.php\/wp-json\/wp\/v2\/types\/product"}],"wp:featuredmedia":[{"embeddable":true,"href":"https:\/\/uniformelaboral.com\/index.php\/wp-json\/wp\/v2\/media\/20225"}],"wp:attachment":[{"href":"https:\/\/uniformelaboral.com\/index.php\/wp-json\/wp\/v2\/media?parent=18206"}],"wp:term":[{"taxonomy":"product_brand","embeddable":true,"href":"https:\/\/uniformelaboral.com\/index.php\/wp-json\/wp\/v2\/product_brand?post=18206"},{"taxonomy":"product_cat","embeddable":true,"href":"https:\/\/uniformelaboral.com\/index.php\/wp-json\/wp\/v2\/product_cat?post=18206"},{"taxonomy":"product_tag","embeddable":true,"href":"https:\/\/uniformelaboral.com\/index.php\/wp-json\/wp\/v2\/product_tag?post=18206"}],"curies":[{"name":"wp","href":"https:\/\/api.w.org\/{rel}","templated":true}]}}