{"id":18181,"date":"2022-03-04T19:45:34","date_gmt":"2022-03-04T18:45:34","guid":{"rendered":"https:\/\/uniformelaboral.com\/?post_type=product&#038;p=18181"},"modified":"2023-03-13T19:03:56","modified_gmt":"2023-03-13T18:03:56","slug":"bota-gtx800-ohmio-top-gore-tex-en-iso-20345-sbsrcewrupciwr","status":"publish","type":"product","link":"https:\/\/uniformelaboral.com\/index.php\/producto\/bota-gtx800-ohmio-top-gore-tex-en-iso-20345-sbsrcewrupciwr\/","title":{"rendered":"BOTA GTX800 OHMIO TOP GORE-TEX \/ 103\u20ac"},"content":{"rendered":"","protected":false},"excerpt":{"rendered":"<p><img loading=\"lazy\" decoding=\"async\" class=\" wp-image-20159 alignleft\" src=\"https:\/\/uniformelaboral.com\/wp-content\/uploads\/2022\/03\/FAL-LOGO-300x300.jpg\" alt=\"\" width=\"126\" height=\"126\" srcset=\"https:\/\/uniformelaboral.com\/wp-content\/uploads\/2022\/03\/FAL-LOGO.jpg 300w, https:\/\/uniformelaboral.com\/wp-content\/uploads\/2022\/03\/FAL-LOGO-150x150.jpg 150w, https:\/\/uniformelaboral.com\/wp-content\/uploads\/2022\/03\/FAL-LOGO-100x100.jpg 100w\" sizes=\"auto, (max-width: 126px) 100vw, 126px\" \/><\/p>\n<p>EN-ISO 20345 SB+SRC+E+WRU+P+CI+WR<\/p>\n<p>Descripci\u00f3: Bota de pell flor hidrofugada. Folre Gore-Tex. Puntera no met\u00e0l\u00b7lica Vincap. Plantilla antiperforaci\u00f3 t\u00e8xtil. Sola de poliuret\u00e0 bidensitat amb nivell de lliscament SRC. Tall: Pell flor negra hidrofugada. Folre de coll: Teixit Coolmax: gran transpirabilitat i Resist\u00e8ncia a l&#8217;abrasi\u00f3. Encoixinat. Folre interior: Membrana Gore-Tex, impermeable i transpirable. Gran resist\u00e8ncia a l&#8217;abrasi\u00f3. Plantilla extra\u00efble: Anat\u00f2micament preformada amb tractament<br \/>\nantibacteri\u00e0. Permet el rentat a 30 \u00ba i \u00e9s resistent a l&#8217;abrasi\u00f3.<br \/>\nSola: Doble densitat de poliuret\u00e0 amb relleus anti-lliscament.<br \/>\nPuntera de protecci\u00f3: Composite (Lleugera, no magn\u00e8tica, a\u00efllant t\u00e8rmica, recupera la seva forma despr\u00e9s de l&#8217;impacte establert a la normativa). Plantilla de protecci\u00f3: Plantilla antiperforaci\u00f3 no met\u00e0l\u00b7lica (Poli\u00e8ster de Gran Tenacitat). Sistema de tancament: Cordons hidrofugats<\/p>\n<p>&nbsp;<\/p>\n<p>&nbsp;<\/p>\n<p><img loading=\"lazy\" decoding=\"async\" class=\" wp-image-20160 aligncenter\" src=\"https:\/\/uniformelaboral.com\/wp-content\/uploads\/2022\/03\/GORE-TEX-ESD-LOGO-1-300x128.jpg\" alt=\"\" width=\"150\" height=\"64\" srcset=\"https:\/\/uniformelaboral.com\/wp-content\/uploads\/2022\/03\/GORE-TEX-ESD-LOGO-1-300x128.jpg 300w, https:\/\/uniformelaboral.com\/wp-content\/uploads\/2022\/03\/GORE-TEX-ESD-LOGO-1-1024x437.jpg 1024w, https:\/\/uniformelaboral.com\/wp-content\/uploads\/2022\/03\/GORE-TEX-ESD-LOGO-1-768x328.jpg 768w, https:\/\/uniformelaboral.com\/wp-content\/uploads\/2022\/03\/GORE-TEX-ESD-LOGO-1-1536x656.jpg 1536w, https:\/\/uniformelaboral.com\/wp-content\/uploads\/2022\/03\/GORE-TEX-ESD-LOGO-1-416x178.jpg 416w, https:\/\/uniformelaboral.com\/wp-content\/uploads\/2022\/03\/GORE-TEX-ESD-LOGO-1.jpg 1839w\" sizes=\"auto, (max-width: 150px) 100vw, 150px\" \/><\/p>\n<h5><a href=\"https:\/\/www.falseguridad.es\/images\/fichas\/GTX800.pdf\" target=\"_blank\" rel=\"noopener noreferrer\">FITXA T\u00c9CNICA<\/a><\/h5>\n<h6><\/h6>\n<h6 style=\"text-align: right;\"><a href=\"https:\/\/www.falseguridad.es\/gore-tex-range\/gtx800\" target=\"_blank\" rel=\"noopener noreferrer\">CONSULTAR CAT\u00c1LEG<\/a><\/h6>\n<h6 style=\"text-align: right;\"><a href=\"https:\/\/uniformelaboral.com\/index.php\/contacte\/\" target=\"_blank\" rel=\"noopener noreferrer\">CONTACTAR AMB NOSALTRES<\/a><\/h6>\n","protected":false},"featured_media":20161,"template":"","meta":{"_joinchat":[]},"product_brand":[],"product_cat":[809,836,130,33,129,801,26,37,38],"product_tag":[],"class_list":{"0":"post-18181","1":"product","2":"type-product","3":"status-publish","4":"has-post-thumbnail","6":"product_cat-botes2-industria","7":"product_cat-botes-serveis","8":"product_cat-botes","9":"product_cat-sabates-seguretat","10":"product_cat-calcats-serveis","11":"product_cat-calcats2-industria","12":"product_cat-cascs-de-seguretat","13":"product_cat-industria","14":"product_cat-serveis","15":"tm-has-options","17":"first","18":"instock","19":"taxable","20":"shipping-taxable","21":"purchasable","22":"product-type-simple"},"_links":{"self":[{"href":"https:\/\/uniformelaboral.com\/index.php\/wp-json\/wp\/v2\/product\/18181","targetHints":{"allow":["GET"]}}],"collection":[{"href":"https:\/\/uniformelaboral.com\/index.php\/wp-json\/wp\/v2\/product"}],"about":[{"href":"https:\/\/uniformelaboral.com\/index.php\/wp-json\/wp\/v2\/types\/product"}],"wp:featuredmedia":[{"embeddable":true,"href":"https:\/\/uniformelaboral.com\/index.php\/wp-json\/wp\/v2\/media\/20161"}],"wp:attachment":[{"href":"https:\/\/uniformelaboral.com\/index.php\/wp-json\/wp\/v2\/media?parent=18181"}],"wp:term":[{"taxonomy":"product_brand","embeddable":true,"href":"https:\/\/uniformelaboral.com\/index.php\/wp-json\/wp\/v2\/product_brand?post=18181"},{"taxonomy":"product_cat","embeddable":true,"href":"https:\/\/uniformelaboral.com\/index.php\/wp-json\/wp\/v2\/product_cat?post=18181"},{"taxonomy":"product_tag","embeddable":true,"href":"https:\/\/uniformelaboral.com\/index.php\/wp-json\/wp\/v2\/product_tag?post=18181"}],"curies":[{"name":"wp","href":"https:\/\/api.w.org\/{rel}","templated":true}]}}