{"id":18160,"date":"2022-03-02T18:23:13","date_gmt":"2022-03-02T17:23:13","guid":{"rendered":"https:\/\/uniformelaboral.com\/?post_type=product&#038;p=18160"},"modified":"2023-03-21T10:28:28","modified_gmt":"2023-03-21T09:28:28","slug":"bota-gtr600-julio-gore-tex-en-iso-20347-o2srahiciwrhroro","status":"publish","type":"product","link":"https:\/\/uniformelaboral.com\/index.php\/producto\/bota-gtr600-julio-gore-tex-en-iso-20347-o2srahiciwrhroro\/","title":{"rendered":"BOTA GTR600 JULIO GORE-TEX 95.10\u20ac"},"content":{"rendered":"","protected":false},"excerpt":{"rendered":"<p><img loading=\"lazy\" decoding=\"async\" class=\"wp-image-20159 alignleft\" src=\"https:\/\/uniformelaboral.com\/wp-content\/uploads\/2022\/03\/FAL-LOGO-300x300.jpg\" alt=\"\" width=\"123\" height=\"123\" srcset=\"https:\/\/uniformelaboral.com\/wp-content\/uploads\/2022\/03\/FAL-LOGO.jpg 300w, https:\/\/uniformelaboral.com\/wp-content\/uploads\/2022\/03\/FAL-LOGO-150x150.jpg 150w, https:\/\/uniformelaboral.com\/wp-content\/uploads\/2022\/03\/FAL-LOGO-100x100.jpg 100w\" sizes=\"auto, (max-width: 123px) 100vw, 123px\" \/>EN-ISO 20347 O2+SRA+HI+CI+WR+HRO+RO<\/p>\n<p>Descripci\u00f3: Bota de pell nobuck i t\u00e8xtil tipus seny hidrofugats. Folre Gore-Tex. Entresola de poliuret\u00e0. Sola de cautx\u00fa nitril.<br \/>\nTall: Pell Nobuck + teixit Cordura. Tots dos hidrofugats. Folre de coll: Teixit Coolmax: gran transpirabilitat i Resist\u00e8ncia a l&#8217;abrasi\u00f3. Encoixinat. Folre interior: Membrana Gore-Tex, impermeable i transpirable. Gran resist\u00e8ncia al\u02bbabrasi\u00f3. Plantilla extra\u00efble: Anat\u00f2micament preformada amb tractament antibacteri\u00e0. Permet el rentat a 30 \u00ba i \u00e9s resistent a l&#8217;abrasi\u00f3.<br \/>\nSola: Cautx\u00fa nitril. Sistema de tancament: Cordons hidrofugats.<\/p>\n<p><img loading=\"lazy\" decoding=\"async\" class=\" wp-image-20163 aligncenter\" src=\"https:\/\/uniformelaboral.com\/wp-content\/uploads\/2022\/03\/GORE-TEX-LOGO-1-300x300.jpg\" alt=\"\" width=\"73\" height=\"73\" srcset=\"https:\/\/uniformelaboral.com\/wp-content\/uploads\/2022\/03\/GORE-TEX-LOGO-1-300x300.jpg 300w, https:\/\/uniformelaboral.com\/wp-content\/uploads\/2022\/03\/GORE-TEX-LOGO-1-1024x1024.jpg 1024w, https:\/\/uniformelaboral.com\/wp-content\/uploads\/2022\/03\/GORE-TEX-LOGO-1-150x150.jpg 150w, https:\/\/uniformelaboral.com\/wp-content\/uploads\/2022\/03\/GORE-TEX-LOGO-1-768x768.jpg 768w, https:\/\/uniformelaboral.com\/wp-content\/uploads\/2022\/03\/GORE-TEX-LOGO-1-1536x1536.jpg 1536w, https:\/\/uniformelaboral.com\/wp-content\/uploads\/2022\/03\/GORE-TEX-LOGO-1-324x324.jpg 324w, https:\/\/uniformelaboral.com\/wp-content\/uploads\/2022\/03\/GORE-TEX-LOGO-1-416x416.jpg 416w, https:\/\/uniformelaboral.com\/wp-content\/uploads\/2022\/03\/GORE-TEX-LOGO-1-100x100.jpg 100w, https:\/\/uniformelaboral.com\/wp-content\/uploads\/2022\/03\/GORE-TEX-LOGO-1.jpg 1909w\" sizes=\"auto, (max-width: 73px) 100vw, 73px\" \/><\/p>\n<h6><a href=\"https:\/\/www.falseguridad.es\/images\/fichas\/GTR600.pdf\" target=\"_blank\" rel=\"noopener noreferrer\">FITXA T\u00c9CNICA<\/a><\/h6>\n<h6><\/h6>\n<h6><\/h6>\n<h6 style=\"text-align: right;\"><a href=\"https:\/\/www.falseguridad.es\/gore-tex-ergonomic-range\/gtr600\" target=\"_blank\" rel=\"noopener noreferrer\">CONSULTAR CAT\u00c1LEG<\/a><\/h6>\n<h6><\/h6>\n<h6 style=\"text-align: right;\"><a href=\"https:\/\/uniformelaboral.com\/index.php\/contacte\/\" target=\"_blank\" rel=\"noopener noreferrer\">CONTACTAR AMB NOSALTRES<\/a><\/h6>\n","protected":false},"featured_media":20168,"template":"","meta":{"_joinchat":[]},"product_brand":[],"product_cat":[130,836,129,26,131,38,654],"product_tag":[],"class_list":{"0":"post-18160","1":"product","2":"type-product","3":"status-publish","4":"has-post-thumbnail","6":"product_cat-botes","7":"product_cat-botes-serveis","8":"product_cat-calcats-serveis","9":"product_cat-cascs-de-seguretat","10":"product_cat-esportives","11":"product_cat-serveis","12":"product_cat-sports-indumentaria-base","13":"tm-has-options","15":"first","16":"instock","17":"taxable","18":"shipping-taxable","19":"purchasable","20":"product-type-simple"},"_links":{"self":[{"href":"https:\/\/uniformelaboral.com\/index.php\/wp-json\/wp\/v2\/product\/18160","targetHints":{"allow":["GET"]}}],"collection":[{"href":"https:\/\/uniformelaboral.com\/index.php\/wp-json\/wp\/v2\/product"}],"about":[{"href":"https:\/\/uniformelaboral.com\/index.php\/wp-json\/wp\/v2\/types\/product"}],"wp:featuredmedia":[{"embeddable":true,"href":"https:\/\/uniformelaboral.com\/index.php\/wp-json\/wp\/v2\/media\/20168"}],"wp:attachment":[{"href":"https:\/\/uniformelaboral.com\/index.php\/wp-json\/wp\/v2\/media?parent=18160"}],"wp:term":[{"taxonomy":"product_brand","embeddable":true,"href":"https:\/\/uniformelaboral.com\/index.php\/wp-json\/wp\/v2\/product_brand?post=18160"},{"taxonomy":"product_cat","embeddable":true,"href":"https:\/\/uniformelaboral.com\/index.php\/wp-json\/wp\/v2\/product_cat?post=18160"},{"taxonomy":"product_tag","embeddable":true,"href":"https:\/\/uniformelaboral.com\/index.php\/wp-json\/wp\/v2\/product_tag?post=18160"}],"curies":[{"name":"wp","href":"https:\/\/api.w.org\/{rel}","templated":true}]}}