{"id":18146,"date":"2022-03-01T19:29:10","date_gmt":"2022-03-01T18:29:10","guid":{"rendered":"https:\/\/uniformelaboral.com\/?post_type=product&#038;p=18146"},"modified":"2024-09-02T11:33:07","modified_gmt":"2024-09-02T09:33:07","slug":"guants-401-g2-dyn-suport-hppe-sene-costures-en388","status":"publish","type":"product","link":"https:\/\/uniformelaboral.com\/index.php\/producto\/guants-401-g2-dyn-suport-hppe-sene-costures-en388\/","title":{"rendered":"GUANTS 401 G2 DYN SUPORT HPPE SENE COSTURES EN388 \/ 2.92\u20ac"},"content":{"rendered":"","protected":false},"excerpt":{"rendered":"<p><img loading=\"lazy\" decoding=\"async\" class=\" wp-image-20171 alignleft\" src=\"https:\/\/uniformelaboral.com\/wp-content\/uploads\/2022\/03\/TOMAS-BODERO-300x191.jpg\" alt=\"\" width=\"123\" height=\"78\" srcset=\"https:\/\/uniformelaboral.com\/wp-content\/uploads\/2022\/03\/TOMAS-BODERO-300x191.jpg 300w, https:\/\/uniformelaboral.com\/wp-content\/uploads\/2022\/03\/TOMAS-BODERO-1024x650.jpg 1024w, https:\/\/uniformelaboral.com\/wp-content\/uploads\/2022\/03\/TOMAS-BODERO-768x488.jpg 768w, https:\/\/uniformelaboral.com\/wp-content\/uploads\/2022\/03\/TOMAS-BODERO-416x264.jpg 416w, https:\/\/uniformelaboral.com\/wp-content\/uploads\/2022\/03\/TOMAS-BODERO.jpg 1176w\" sizes=\"auto, (max-width: 123px) 100vw, 123px\" \/>HPPE fibra de polietil\u00e8 d&#8217;alta densitat, igual pes \u00e9s 10 vegades m\u00e9s resistent que l&#8217;acer. Gran resist\u00e8ncia al tall i abrasi\u00f3.<br \/>\nRecobriment de poliuret\u00e0 material sint\u00e8tic d&#8217;excel\u00b7lent elasticitat i destresa. Permet la transpiraci\u00f3.<\/p>\n<p>&nbsp;<\/p>\n<p>\u00daS: Cer\u00e0mica, Ind\u00fastria del vidre, Ind\u00fastria del metall<\/p>\n<p><img loading=\"lazy\" decoding=\"async\" class=\" wp-image-20174 aligncenter\" src=\"https:\/\/uniformelaboral.com\/wp-content\/uploads\/2022\/03\/401G2.jpg\" alt=\"\" width=\"117\" height=\"61\" \/><\/p>\n<h6><a href=\"https:\/\/tomasbodero.com\/productos\/pdf\/(401G2%20DYN)%20Ficha%20Tecnica%20ES.pdf\" target=\"_blank\" rel=\"noopener noreferrer\">FITXA TECNICA<\/a><\/h6>\n<h6><a href=\"https:\/\/tomasbodero.com\/productos\/pdf\/(401G2%20DYN)%20%20Declaracion%20conformidad%20ES.pdf\" target=\"_blank\" rel=\"noopener noreferrer\">DECLARACI\u00d3 DE CONFORMITAT<\/a><\/h6>\n<h6 style=\"text-align: right;\"><a href=\"https:\/\/tomasbodero.com\/es\/guantes-tomas-bodero\/guantes-proteccion-al-corte\/401g2-dyn.html?search_query=401&amp;results=2\" target=\"_blank\" rel=\"noopener noreferrer\">CONSULTAR CAT\u00c0LEG<\/a><\/h6>\n<h6 style=\"text-align: right;\"><a href=\"https:\/\/uniformelaboral.com\/index.php\/contacte\/\" target=\"_blank\" rel=\"noopener noreferrer\">CONTACTAR AMB NOSALTRES<\/a><\/h6>\n<h6><\/h6>\n<p>&nbsp;<\/p>\n","protected":false},"featured_media":21937,"template":"","meta":{"_joinchat":[]},"product_brand":[],"product_cat":[31,122],"product_tag":[],"class_list":{"0":"post-18146","1":"product","2":"type-product","3":"status-publish","4":"has-post-thumbnail","6":"product_cat-guants","7":"product_cat-nitril","8":"tm-has-options","10":"first","11":"instock","12":"taxable","13":"shipping-taxable","14":"purchasable","15":"product-type-simple"},"_links":{"self":[{"href":"https:\/\/uniformelaboral.com\/index.php\/wp-json\/wp\/v2\/product\/18146","targetHints":{"allow":["GET"]}}],"collection":[{"href":"https:\/\/uniformelaboral.com\/index.php\/wp-json\/wp\/v2\/product"}],"about":[{"href":"https:\/\/uniformelaboral.com\/index.php\/wp-json\/wp\/v2\/types\/product"}],"wp:featuredmedia":[{"embeddable":true,"href":"https:\/\/uniformelaboral.com\/index.php\/wp-json\/wp\/v2\/media\/21937"}],"wp:attachment":[{"href":"https:\/\/uniformelaboral.com\/index.php\/wp-json\/wp\/v2\/media?parent=18146"}],"wp:term":[{"taxonomy":"product_brand","embeddable":true,"href":"https:\/\/uniformelaboral.com\/index.php\/wp-json\/wp\/v2\/product_brand?post=18146"},{"taxonomy":"product_cat","embeddable":true,"href":"https:\/\/uniformelaboral.com\/index.php\/wp-json\/wp\/v2\/product_cat?post=18146"},{"taxonomy":"product_tag","embeddable":true,"href":"https:\/\/uniformelaboral.com\/index.php\/wp-json\/wp\/v2\/product_tag?post=18146"}],"curies":[{"name":"wp","href":"https:\/\/api.w.org\/{rel}","templated":true}]}}