{"id":18140,"date":"2022-03-01T19:05:15","date_gmt":"2022-03-01T18:05:15","guid":{"rendered":"https:\/\/uniformelaboral.com\/?post_type=product&#038;p=18140"},"modified":"2023-03-21T12:36:49","modified_gmt":"2023-03-21T11:36:49","slug":"guants-666-vinil-blau-triple-bany-en407-en388-en374","status":"publish","type":"product","link":"https:\/\/uniformelaboral.com\/index.php\/producto\/guants-666-vinil-blau-triple-bany-en407-en388-en374\/","title":{"rendered":"GUANTS 666 VINIL BLAU TRIPLE BANY EN407 EN388 EN374 \/ 4.21\u20ac"},"content":{"rendered":"","protected":false},"excerpt":{"rendered":"<p><img loading=\"lazy\" decoding=\"async\" class=\" wp-image-20171 alignleft\" src=\"https:\/\/uniformelaboral.com\/wp-content\/uploads\/2022\/03\/TOMAS-BODERO-300x191.jpg\" alt=\"\" width=\"121\" height=\"77\" srcset=\"https:\/\/uniformelaboral.com\/wp-content\/uploads\/2022\/03\/TOMAS-BODERO-300x191.jpg 300w, https:\/\/uniformelaboral.com\/wp-content\/uploads\/2022\/03\/TOMAS-BODERO-1024x650.jpg 1024w, https:\/\/uniformelaboral.com\/wp-content\/uploads\/2022\/03\/TOMAS-BODERO-768x488.jpg 768w, https:\/\/uniformelaboral.com\/wp-content\/uploads\/2022\/03\/TOMAS-BODERO-416x264.jpg 416w, https:\/\/uniformelaboral.com\/wp-content\/uploads\/2022\/03\/TOMAS-BODERO.jpg 1176w\" sizes=\"auto, (max-width: 121px) 100vw, 121px\" \/>PVC (vinil), pol\u00edmer sint\u00e8tic impermeable que proporciona bona resist\u00e8ncia a productes qu\u00edmics. Posseeix una gran flexibilitat i resist\u00e8ncia a l&#8217;abrasi\u00f3. Resistivitat de superf\u00edcie 10^10 Ohm. Interior sense costures per evitar possibles rascades degudes a les costures. No \u00e9s causant al\u00b7l\u00e8rgies. Interior cot\u00f3 per a m\u00e9s confort i absorci\u00f3 de la sudoraci\u00f3.<\/p>\n<p>&nbsp;<\/p>\n<p>\u00daS: ind\u00fastria pesquera, Ind\u00fastria naval, Armadors, Ind\u00fastria petroqu\u00edmica, Jardineria<\/p>\n<p><img loading=\"lazy\" decoding=\"async\" class=\" wp-image-20177 aligncenter\" src=\"https:\/\/uniformelaboral.com\/wp-content\/uploads\/2022\/03\/666-vinil-300x85.jpg\" alt=\"\" width=\"229\" height=\"65\" srcset=\"https:\/\/uniformelaboral.com\/wp-content\/uploads\/2022\/03\/666-vinil-300x85.jpg 300w, https:\/\/uniformelaboral.com\/wp-content\/uploads\/2022\/03\/666-vinil-1024x289.jpg 1024w, https:\/\/uniformelaboral.com\/wp-content\/uploads\/2022\/03\/666-vinil-768x217.jpg 768w, https:\/\/uniformelaboral.com\/wp-content\/uploads\/2022\/03\/666-vinil-1536x433.jpg 1536w, https:\/\/uniformelaboral.com\/wp-content\/uploads\/2022\/03\/666-vinil-2048x577.jpg 2048w, https:\/\/uniformelaboral.com\/wp-content\/uploads\/2022\/03\/666-vinil-416x117.jpg 416w\" sizes=\"auto, (max-width: 229px) 100vw, 229px\" \/><\/p>\n<h6><a href=\"https:\/\/tomasbodero.com\/productos\/pdf\/(666VINIL)%20Ficha%20Tecnica%20ES.pdf\" target=\"_blank\" rel=\"noopener noreferrer\">FITXA TECNICA<\/a><\/h6>\n<h6><a href=\"https:\/\/tomasbodero.com\/productos\/pdf\/(666VINIL)%20%20Declaracion%20conformidad%20ES.pdf\" target=\"_blank\" rel=\"noopener noreferrer\">DECLARACI\u00d3 DE CONFORMITAT<\/a><\/h6>\n<h6 style=\"text-align: right;\"><a href=\"https:\/\/tomasbodero.com\/es\/guantes-tomas-bodero\/guantes-proteccion-quimica\/666vinil.html?search_query=666&amp;results=5\" target=\"_blank\" rel=\"noopener noreferrer\">CONSULTAR CAT\u00c0LEG<\/a><\/h6>\n<h6 style=\"text-align: right;\"><a href=\"https:\/\/uniformelaboral.com\/index.php\/contacte\/\" target=\"_blank\" rel=\"noopener noreferrer\">CONTACTAR AMB NOSALTRES<\/a><\/h6>\n<h6><\/h6>\n<p>&nbsp;<\/p>\n","protected":false},"featured_media":20176,"template":"","meta":{"_joinchat":[]},"product_brand":[],"product_cat":[31,1018],"product_tag":[],"class_list":{"0":"post-18140","1":"product","2":"type-product","3":"status-publish","4":"has-post-thumbnail","6":"product_cat-guants","7":"product_cat-vinil","8":"tm-has-options","10":"first","11":"instock","12":"taxable","13":"shipping-taxable","14":"purchasable","15":"product-type-simple"},"_links":{"self":[{"href":"https:\/\/uniformelaboral.com\/index.php\/wp-json\/wp\/v2\/product\/18140","targetHints":{"allow":["GET"]}}],"collection":[{"href":"https:\/\/uniformelaboral.com\/index.php\/wp-json\/wp\/v2\/product"}],"about":[{"href":"https:\/\/uniformelaboral.com\/index.php\/wp-json\/wp\/v2\/types\/product"}],"wp:featuredmedia":[{"embeddable":true,"href":"https:\/\/uniformelaboral.com\/index.php\/wp-json\/wp\/v2\/media\/20176"}],"wp:attachment":[{"href":"https:\/\/uniformelaboral.com\/index.php\/wp-json\/wp\/v2\/media?parent=18140"}],"wp:term":[{"taxonomy":"product_brand","embeddable":true,"href":"https:\/\/uniformelaboral.com\/index.php\/wp-json\/wp\/v2\/product_brand?post=18140"},{"taxonomy":"product_cat","embeddable":true,"href":"https:\/\/uniformelaboral.com\/index.php\/wp-json\/wp\/v2\/product_cat?post=18140"},{"taxonomy":"product_tag","embeddable":true,"href":"https:\/\/uniformelaboral.com\/index.php\/wp-json\/wp\/v2\/product_tag?post=18140"}],"curies":[{"name":"wp","href":"https:\/\/api.w.org\/{rel}","templated":true}]}}