{"id":18134,"date":"2022-03-01T18:42:38","date_gmt":"2022-03-01T17:42:38","guid":{"rendered":"https:\/\/uniformelaboral.com\/?post_type=product&#038;p=18134"},"modified":"2023-08-18T21:04:58","modified_gmt":"2023-08-18T19:04:58","slug":"guants-nitril-verd-9009f-en388-en374","status":"publish","type":"product","link":"https:\/\/uniformelaboral.com\/index.php\/producto\/guants-nitril-verd-9009f-en388-en374\/","title":{"rendered":"GUANTS NITRIL VERD 9009F EN388 EN374 \/ 2.70\u20ac"},"content":{"rendered":"","protected":false},"excerpt":{"rendered":"<p><img loading=\"lazy\" decoding=\"async\" class=\" wp-image-20171 alignleft\" src=\"https:\/\/uniformelaboral.com\/wp-content\/uploads\/2022\/03\/TOMAS-BODERO-300x191.jpg\" alt=\"\" width=\"122\" height=\"78\" srcset=\"https:\/\/uniformelaboral.com\/wp-content\/uploads\/2022\/03\/TOMAS-BODERO-300x191.jpg 300w, https:\/\/uniformelaboral.com\/wp-content\/uploads\/2022\/03\/TOMAS-BODERO-1024x650.jpg 1024w, https:\/\/uniformelaboral.com\/wp-content\/uploads\/2022\/03\/TOMAS-BODERO-768x488.jpg 768w, https:\/\/uniformelaboral.com\/wp-content\/uploads\/2022\/03\/TOMAS-BODERO-416x264.jpg 416w, https:\/\/uniformelaboral.com\/wp-content\/uploads\/2022\/03\/TOMAS-BODERO.jpg 1176w\" sizes=\"auto, (max-width: 122px) 100vw, 122px\" \/>Nitril cautx\u00fa sint\u00e8tic amb bona resist\u00e8ncia a olis, lubricants i productes derivats del petroli, productes qu\u00edmics, \u00e0cids i dissolvents no cet\u00f2nics. Interior flocat de cot\u00f3 per a m\u00e9s confort i absorci\u00f3 de la sudoraci\u00f3. Tractament bactericida.<\/p>\n<p>&nbsp;<\/p>\n<p>\u00daS: Ind\u00fastria petroqu\u00edmica, Ind\u00fastria de pintura i vernissos, Ind\u00fastria alimentaria, Impremta, Ind\u00fastria qu\u00edmica<\/p>\n<p><img loading=\"lazy\" decoding=\"async\" class=\" wp-image-20179 aligncenter\" src=\"https:\/\/uniformelaboral.com\/wp-content\/uploads\/2022\/03\/TB9009F-300x80.jpg\" alt=\"\" width=\"225\" height=\"60\" srcset=\"https:\/\/uniformelaboral.com\/wp-content\/uploads\/2022\/03\/TB9009F-300x80.jpg 300w, https:\/\/uniformelaboral.com\/wp-content\/uploads\/2022\/03\/TB9009F-416x111.jpg 416w, https:\/\/uniformelaboral.com\/wp-content\/uploads\/2022\/03\/TB9009F.jpg 506w\" sizes=\"auto, (max-width: 225px) 100vw, 225px\" \/><\/p>\n<h6><a href=\"https:\/\/tomasbodero.com\/productos\/pdf\/(9009F)%20Ficha%20Tecnica%20ES.pdf\" target=\"_blank\" rel=\"noopener noreferrer\">FITXA TECNICA<\/a><\/h6>\n<h6><a href=\"https:\/\/tomasbodero.com\/productos\/pdf\/(9009F)%20%20Declaracion%20conformidad%20ES.pdf\" target=\"_blank\" rel=\"noopener noreferrer\">DECLARACI\u00d3 DE CONFORMITAT<\/a><\/h6>\n<h6 style=\"text-align: right;\"><a href=\"https:\/\/tomasbodero.com\/es\/guantes-tomas-bodero\/guantes-proteccion-quimica\/9009f.html?search_query=9009F&amp;results=2\" target=\"_blank\" rel=\"noopener noreferrer\">CONSULTAR CAT\u00c0LEG<\/a><\/h6>\n<h6 style=\"text-align: right;\"><a href=\"https:\/\/uniformelaboral.com\/index.php\/contacte\/\" target=\"_blank\" rel=\"noopener noreferrer\">CONTACTAR AMB NOSALTRES<\/a><\/h6>\n<h6><\/h6>\n<p>&nbsp;<\/p>\n","protected":false},"featured_media":20178,"template":"","meta":{"_joinchat":[]},"product_brand":[],"product_cat":[31,122],"product_tag":[],"class_list":{"0":"post-18134","1":"product","2":"type-product","3":"status-publish","4":"has-post-thumbnail","6":"product_cat-guants","7":"product_cat-nitril","8":"tm-has-options","10":"first","11":"instock","12":"taxable","13":"shipping-taxable","14":"purchasable","15":"product-type-simple"},"_links":{"self":[{"href":"https:\/\/uniformelaboral.com\/index.php\/wp-json\/wp\/v2\/product\/18134","targetHints":{"allow":["GET"]}}],"collection":[{"href":"https:\/\/uniformelaboral.com\/index.php\/wp-json\/wp\/v2\/product"}],"about":[{"href":"https:\/\/uniformelaboral.com\/index.php\/wp-json\/wp\/v2\/types\/product"}],"wp:featuredmedia":[{"embeddable":true,"href":"https:\/\/uniformelaboral.com\/index.php\/wp-json\/wp\/v2\/media\/20178"}],"wp:attachment":[{"href":"https:\/\/uniformelaboral.com\/index.php\/wp-json\/wp\/v2\/media?parent=18134"}],"wp:term":[{"taxonomy":"product_brand","embeddable":true,"href":"https:\/\/uniformelaboral.com\/index.php\/wp-json\/wp\/v2\/product_brand?post=18134"},{"taxonomy":"product_cat","embeddable":true,"href":"https:\/\/uniformelaboral.com\/index.php\/wp-json\/wp\/v2\/product_cat?post=18134"},{"taxonomy":"product_tag","embeddable":true,"href":"https:\/\/uniformelaboral.com\/index.php\/wp-json\/wp\/v2\/product_tag?post=18134"}],"curies":[{"name":"wp","href":"https:\/\/api.w.org\/{rel}","templated":true}]}}