{"id":18111,"date":"2022-02-28T22:10:05","date_gmt":"2022-02-28T21:10:05","guid":{"rendered":"https:\/\/uniformelaboral.com\/?post_type=product&#038;p=18111"},"modified":"2023-03-23T10:24:47","modified_gmt":"2023-03-23T09:24:47","slug":"sabata-ebro-fal-ir10o-s3srcci-en-iso-20345","status":"publish","type":"product","link":"https:\/\/uniformelaboral.com\/index.php\/producto\/sabata-ebro-fal-ir10o-s3srcci-en-iso-20345\/","title":{"rendered":"BOTA EBRO FAL IR10O S3+SRC+CI EN-ISO 20345 \/ 28.50\u20ac"},"content":{"rendered":"","protected":false},"excerpt":{"rendered":"<p><img loading=\"lazy\" decoding=\"async\" class=\"wp-image-20159 alignleft\" src=\"https:\/\/uniformelaboral.com\/wp-content\/uploads\/2022\/03\/FAL-LOGO-300x300.jpg\" alt=\"\" width=\"122\" height=\"122\" srcset=\"https:\/\/uniformelaboral.com\/wp-content\/uploads\/2022\/03\/FAL-LOGO.jpg 300w, https:\/\/uniformelaboral.com\/wp-content\/uploads\/2022\/03\/FAL-LOGO-150x150.jpg 150w, https:\/\/uniformelaboral.com\/wp-content\/uploads\/2022\/03\/FAL-LOGO-100x100.jpg 100w\" sizes=\"auto, (max-width: 122px) 100vw, 122px\" \/><\/p>\n<p>Descripci\u00f3: Bota de pell hidrofugada. Puntera no met\u00e0l\u00b7lica Vincap. Plantilla antiperforaci\u00f3 t\u00e8xtil. Sola de poliuret\u00e0 bidensitat amb nivell de lliscament SRC. Tall: Pell gravada negra Folre: Teixit de poli\u00e8ster: transpirable i resistent a l&#8217;abrasi\u00f3. Encoixinat<br \/>\nPlantilla interior: Anat\u00f2micament preformada. Resistent a l&#8217;abrasi\u00f3. Sola: Doble densitat de poliuret\u00e0 amb relleus antilliscament. Puntera de protecci\u00f3: Composite (Lleugera, no magn\u00e8tica, a\u00efllant t\u00e8rmic, recupera la seva forma despr\u00e9s de l&#8217;impacte establert a la normativa). Plantilla de protecci\u00f3: Plantilla antiperforaci\u00f3 no met\u00e0l\u00b7lica (Poli\u00e8ster de Gran Tenacitat). Sistema de tancament: Cordons<\/p>\n<p><img loading=\"lazy\" decoding=\"async\" class=\" wp-image-20208 aligncenter\" src=\"https:\/\/uniformelaboral.com\/wp-content\/uploads\/2022\/02\/FAL-LOGOS-2-1-300x129.jpg\" alt=\"\" width=\"140\" height=\"60\" srcset=\"https:\/\/uniformelaboral.com\/wp-content\/uploads\/2022\/02\/FAL-LOGOS-2-1-300x129.jpg 300w, https:\/\/uniformelaboral.com\/wp-content\/uploads\/2022\/02\/FAL-LOGOS-2-1-1024x439.jpg 1024w, https:\/\/uniformelaboral.com\/wp-content\/uploads\/2022\/02\/FAL-LOGOS-2-1-768x330.jpg 768w, https:\/\/uniformelaboral.com\/wp-content\/uploads\/2022\/02\/FAL-LOGOS-2-1-416x179.jpg 416w, https:\/\/uniformelaboral.com\/wp-content\/uploads\/2022\/02\/FAL-LOGOS-2-1.jpg 1086w\" sizes=\"auto, (max-width: 140px) 100vw, 140px\" \/><\/p>\n<h5><a href=\"https:\/\/www.falseguridad.es\/images\/fichas\/IR100.pdf\" target=\"_blank\" rel=\"noopener noreferrer\">FITXA T\u00c9CNICA<\/a><\/h5>\n<h6><\/h6>\n<h6 style=\"text-align: right;\"><a href=\"https:\/\/www.falseguridad.es\/industrial-range\/ir100\" target=\"_blank\" rel=\"noopener noreferrer\">CONSULTAR CAT\u00c1LEG<\/a><\/h6>\n<h6 style=\"text-align: right;\">F<a href=\"https:\/\/uniformelaboral.com\/index.php\/contacte\/\" target=\"_blank\" rel=\"noopener noreferrer\">CONTACTAR AMB NOSALTRES<\/a><\/h6>\n","protected":false},"featured_media":20209,"template":"","meta":{"_joinchat":[]},"product_brand":[],"product_cat":[809,836,130,33,129,801,37,38],"product_tag":[],"class_list":{"0":"post-18111","1":"product","2":"type-product","3":"status-publish","4":"has-post-thumbnail","6":"product_cat-botes2-industria","7":"product_cat-botes-serveis","8":"product_cat-botes","9":"product_cat-sabates-seguretat","10":"product_cat-calcats-serveis","11":"product_cat-calcats2-industria","12":"product_cat-industria","13":"product_cat-serveis","14":"tm-has-options","16":"first","17":"instock","18":"taxable","19":"shipping-taxable","20":"purchasable","21":"product-type-simple"},"_links":{"self":[{"href":"https:\/\/uniformelaboral.com\/index.php\/wp-json\/wp\/v2\/product\/18111","targetHints":{"allow":["GET"]}}],"collection":[{"href":"https:\/\/uniformelaboral.com\/index.php\/wp-json\/wp\/v2\/product"}],"about":[{"href":"https:\/\/uniformelaboral.com\/index.php\/wp-json\/wp\/v2\/types\/product"}],"wp:featuredmedia":[{"embeddable":true,"href":"https:\/\/uniformelaboral.com\/index.php\/wp-json\/wp\/v2\/media\/20209"}],"wp:attachment":[{"href":"https:\/\/uniformelaboral.com\/index.php\/wp-json\/wp\/v2\/media?parent=18111"}],"wp:term":[{"taxonomy":"product_brand","embeddable":true,"href":"https:\/\/uniformelaboral.com\/index.php\/wp-json\/wp\/v2\/product_brand?post=18111"},{"taxonomy":"product_cat","embeddable":true,"href":"https:\/\/uniformelaboral.com\/index.php\/wp-json\/wp\/v2\/product_cat?post=18111"},{"taxonomy":"product_tag","embeddable":true,"href":"https:\/\/uniformelaboral.com\/index.php\/wp-json\/wp\/v2\/product_tag?post=18111"}],"curies":[{"name":"wp","href":"https:\/\/api.w.org\/{rel}","templated":true}]}}