{"id":18097,"date":"2022-02-23T19:10:55","date_gmt":"2022-02-23T18:10:55","guid":{"rendered":"https:\/\/uniformelaboral.com\/?post_type=product&#038;p=18097"},"modified":"2024-09-02T11:35:45","modified_gmt":"2024-09-02T09:35:45","slug":"guants-910b-serratge-bovi-vermell-en388-en-407","status":"publish","type":"product","link":"https:\/\/uniformelaboral.com\/index.php\/producto\/guants-910b-serratge-bovi-vermell-en388-en-407\/","title":{"rendered":"GUANTS 910B SERRATGE BOV\u00cd VERMELL EN388 EN 407 \/5.22\u20ac"},"content":{"rendered":"","protected":false},"excerpt":{"rendered":"<p><img loading=\"lazy\" decoding=\"async\" class=\" wp-image-20171 alignleft\" src=\"https:\/\/uniformelaboral.com\/wp-content\/uploads\/2022\/03\/TOMAS-BODERO-300x191.jpg\" alt=\"\" width=\"125\" height=\"79\" srcset=\"https:\/\/uniformelaboral.com\/wp-content\/uploads\/2022\/03\/TOMAS-BODERO-300x191.jpg 300w, https:\/\/uniformelaboral.com\/wp-content\/uploads\/2022\/03\/TOMAS-BODERO-1024x650.jpg 1024w, https:\/\/uniformelaboral.com\/wp-content\/uploads\/2022\/03\/TOMAS-BODERO-768x488.jpg 768w, https:\/\/uniformelaboral.com\/wp-content\/uploads\/2022\/03\/TOMAS-BODERO-416x264.jpg 416w, https:\/\/uniformelaboral.com\/wp-content\/uploads\/2022\/03\/TOMAS-BODERO.jpg 1176w\" sizes=\"auto, (max-width: 125px) 100vw, 125px\" \/>Pell serratge: \u00e9s la part interna de la pell. DERMIS. Excel\u00b7lents propietats mec\u00e0niques. Transpirable. Bona resist\u00e8ncia a la calor i perforaci\u00f3. Permet agafar objectes humits. Cartera serratge proporciona protecci\u00f3 a l&#8217;avantbra\u00e7. Folre Franela per a m\u00e9s protecci\u00f3 davant altes temperatures. Tipus A: recomanat per a soldadura MIG. Menor destresa.<\/p>\n<p>&nbsp;<\/p>\n<p>\u00daS: Ferralla, calderer\u00eda, Mantenimiento, Soldadura MIG, Montaje<\/p>\n<p><img loading=\"lazy\" decoding=\"async\" class=\" wp-image-20180 aligncenter\" src=\"https:\/\/uniformelaboral.com\/wp-content\/uploads\/2022\/02\/910B.jpg\" alt=\"\" width=\"188\" height=\"63\" \/><\/p>\n<h6><a href=\"https:\/\/tomasbodero.com\/productos\/pdf\/(910B)%20Ficha%20Tecnica%20ES.pdf\" target=\"_blank\" rel=\"noopener noreferrer\">FITXA TECNICA<\/a><\/h6>\n<h6><a href=\"https:\/\/tomasbodero.com\/productos\/pdf\/(910B)%20%20Declaracion%20conformidad%20ES.pdf\" target=\"_blank\" rel=\"noopener noreferrer\">DECLARACI\u00d3 DE CONFORMITAT<\/a><\/h6>\n<h6 style=\"text-align: right;\"><a href=\"https:\/\/tomasbodero.com\/es\/guantes-tomas-bodero\/guantes-de-soldador\/910b.html?search_query=910B+&amp;results=1\" target=\"_blank\" rel=\"noopener noreferrer\">CONSULTAR CAT\u00c0LEG<\/a><\/h6>\n<h6 style=\"text-align: right;\"><a href=\"https:\/\/uniformelaboral.com\/index.php\/contacte\/\" target=\"_blank\" rel=\"noopener noreferrer\">CONTACTAR AMB NOSALTRES<\/a><\/h6>\n<h6><\/h6>\n<p>&nbsp;<\/p>\n","protected":false},"featured_media":20181,"template":"","meta":{"_joinchat":[]},"product_brand":[],"product_cat":[31,118],"product_tag":[],"class_list":{"0":"post-18097","1":"product","2":"type-product","3":"status-publish","4":"has-post-thumbnail","6":"product_cat-guants","7":"product_cat-pell","8":"tm-has-options","10":"first","11":"instock","12":"taxable","13":"shipping-taxable","14":"purchasable","15":"product-type-simple"},"_links":{"self":[{"href":"https:\/\/uniformelaboral.com\/index.php\/wp-json\/wp\/v2\/product\/18097","targetHints":{"allow":["GET"]}}],"collection":[{"href":"https:\/\/uniformelaboral.com\/index.php\/wp-json\/wp\/v2\/product"}],"about":[{"href":"https:\/\/uniformelaboral.com\/index.php\/wp-json\/wp\/v2\/types\/product"}],"wp:featuredmedia":[{"embeddable":true,"href":"https:\/\/uniformelaboral.com\/index.php\/wp-json\/wp\/v2\/media\/20181"}],"wp:attachment":[{"href":"https:\/\/uniformelaboral.com\/index.php\/wp-json\/wp\/v2\/media?parent=18097"}],"wp:term":[{"taxonomy":"product_brand","embeddable":true,"href":"https:\/\/uniformelaboral.com\/index.php\/wp-json\/wp\/v2\/product_brand?post=18097"},{"taxonomy":"product_cat","embeddable":true,"href":"https:\/\/uniformelaboral.com\/index.php\/wp-json\/wp\/v2\/product_cat?post=18097"},{"taxonomy":"product_tag","embeddable":true,"href":"https:\/\/uniformelaboral.com\/index.php\/wp-json\/wp\/v2\/product_tag?post=18097"}],"curies":[{"name":"wp","href":"https:\/\/api.w.org\/{rel}","templated":true}]}}