{"id":17985,"date":"2022-02-03T19:42:35","date_gmt":"2022-02-03T18:42:35","guid":{"rendered":"https:\/\/uniformelaboral.com\/?post_type=product&#038;p=17985"},"modified":"2023-09-13T19:34:20","modified_gmt":"2023-09-13T17:34:20","slug":"guats-jaspe-seguritat-en388-0-1-3","status":"publish","type":"product","link":"https:\/\/uniformelaboral.com\/index.php\/producto\/guats-jaspe-seguritat-en388-0-1-3\/","title":{"rendered":"GUANTS JASPE PROTECCI\u00d3 EN388 0-1-3 \/ Des de 1\u20ac"},"content":{"rendered":"","protected":false},"excerpt":{"rendered":"<p><img loading=\"lazy\" decoding=\"async\" class=\" wp-image-20185 alignleft\" src=\"https:\/\/uniformelaboral.com\/wp-content\/uploads\/2022\/02\/LOGO-MAFEPE-1-300x68.jpg\" alt=\"\" width=\"176\" height=\"40\" srcset=\"https:\/\/uniformelaboral.com\/wp-content\/uploads\/2022\/02\/LOGO-MAFEPE-1-300x68.jpg 300w, https:\/\/uniformelaboral.com\/wp-content\/uploads\/2022\/02\/LOGO-MAFEPE-1-416x94.jpg 416w, https:\/\/uniformelaboral.com\/wp-content\/uploads\/2022\/02\/LOGO-MAFEPE-1.jpg 715w\" sizes=\"auto, (max-width: 176px) 100vw, 176px\" \/>Guants JASPE de teixit poli\u00e8ster+ cot\u00f3 (tots dos regenerats) sense costures tipus &#8220;pescador&#8221;. Pes per dotzena: 800 gr. Es pot rentar. Agr\u00edcola, pesca, a l&#8217;interior d&#8217;un altre guant, neteja, construcci\u00f3, manipulat, bricolatge.<\/p>\n<div class=\"post-body entry-content\">\n<div class=\"postareameta\"><\/div>\n<\/div>\n<p><img loading=\"lazy\" decoding=\"async\" class=\" wp-image-20186 aligncenter\" src=\"https:\/\/uniformelaboral.com\/wp-content\/uploads\/2022\/02\/EN-388-0-1-3.jpg\" alt=\"\" width=\"71\" height=\"108\" \/><\/p>\n<h6><a href=\"https:\/\/www.mafepe.com\/es\/index.php?controller=attachment&amp;id_attachment=666\" target=\"_blank\" rel=\"noopener\">FITXA TECNICA<\/a><\/h6>\n","protected":false},"featured_media":20184,"template":"","meta":{"_joinchat":[]},"product_brand":[],"product_cat":[27],"product_tag":[],"class_list":{"0":"post-17985","1":"product","2":"type-product","3":"status-publish","4":"has-post-thumbnail","6":"product_cat-outlet","7":"tm-has-options","9":"first","10":"instock","11":"taxable","12":"shipping-taxable","13":"purchasable","14":"product-type-simple"},"_links":{"self":[{"href":"https:\/\/uniformelaboral.com\/index.php\/wp-json\/wp\/v2\/product\/17985","targetHints":{"allow":["GET"]}}],"collection":[{"href":"https:\/\/uniformelaboral.com\/index.php\/wp-json\/wp\/v2\/product"}],"about":[{"href":"https:\/\/uniformelaboral.com\/index.php\/wp-json\/wp\/v2\/types\/product"}],"wp:featuredmedia":[{"embeddable":true,"href":"https:\/\/uniformelaboral.com\/index.php\/wp-json\/wp\/v2\/media\/20184"}],"wp:attachment":[{"href":"https:\/\/uniformelaboral.com\/index.php\/wp-json\/wp\/v2\/media?parent=17985"}],"wp:term":[{"taxonomy":"product_brand","embeddable":true,"href":"https:\/\/uniformelaboral.com\/index.php\/wp-json\/wp\/v2\/product_brand?post=17985"},{"taxonomy":"product_cat","embeddable":true,"href":"https:\/\/uniformelaboral.com\/index.php\/wp-json\/wp\/v2\/product_cat?post=17985"},{"taxonomy":"product_tag","embeddable":true,"href":"https:\/\/uniformelaboral.com\/index.php\/wp-json\/wp\/v2\/product_tag?post=17985"}],"curies":[{"name":"wp","href":"https:\/\/api.w.org\/{rel}","templated":true}]}}