{"id":17948,"date":"2022-02-03T12:33:19","date_gmt":"2022-02-03T11:33:19","guid":{"rendered":"https:\/\/uniformelaboral.com\/?post_type=product&#038;p=17948"},"modified":"2023-03-22T18:29:17","modified_gmt":"2023-03-22T17:29:17","slug":"guants-190-artic-en388-en511-us-frigorific","status":"publish","type":"product","link":"https:\/\/uniformelaboral.com\/index.php\/producto\/guants-190-artic-en388-en511-us-frigorific\/","title":{"rendered":"GUANTS 190 ARTIC   EN388 &#8211; EN511  US FRIGORIFIC \/ 12.40\u20ac"},"content":{"rendered":"","protected":false},"excerpt":{"rendered":"<p><img loading=\"lazy\" decoding=\"async\" class=\" wp-image-20171 alignleft\" src=\"https:\/\/uniformelaboral.com\/wp-content\/uploads\/2022\/03\/TOMAS-BODERO-300x191.jpg\" alt=\"\" width=\"121\" height=\"77\" srcset=\"https:\/\/uniformelaboral.com\/wp-content\/uploads\/2022\/03\/TOMAS-BODERO-300x191.jpg 300w, https:\/\/uniformelaboral.com\/wp-content\/uploads\/2022\/03\/TOMAS-BODERO-1024x650.jpg 1024w, https:\/\/uniformelaboral.com\/wp-content\/uploads\/2022\/03\/TOMAS-BODERO-768x488.jpg 768w, https:\/\/uniformelaboral.com\/wp-content\/uploads\/2022\/03\/TOMAS-BODERO-416x264.jpg 416w, https:\/\/uniformelaboral.com\/wp-content\/uploads\/2022\/03\/TOMAS-BODERO.jpg 1176w\" sizes=\"auto, (max-width: 121px) 100vw, 121px\" \/>Guant serratge bov\u00ed marr\u00f3. Refor\u00e7 serratge al palmell. Folre 3M\u00ae Thinsulate. Cosit fil per-aramida. Puny el\u00e0stic cot\u00f3 taronja.<\/p>\n<p>&nbsp;<\/p>\n<p>\u00daS: Cambres frigor\u00edfiques, Carretons elevadors, Treballs a l&#8217;exterior<\/p>\n<p><img loading=\"lazy\" decoding=\"async\" class=\" wp-image-20193 aligncenter\" src=\"https:\/\/uniformelaboral.com\/wp-content\/uploads\/2022\/02\/190ARTIC.jpg\" alt=\"\" width=\"227\" height=\"60\" \/><\/p>\n<h6><a href=\"https:\/\/tomasbodero.com\/productos\/pdf\/(190ARTIC)%20Ficha%20Tecnica%20ES.pdf\" target=\"_blank\" rel=\"noopener noreferrer\">FITXA TECNICA<\/a><\/h6>\n<h6><a href=\"https:\/\/tomasbodero.com\/productos\/pdf\/(190ARTIC)%20%20Declaracion%20conformidad%20ES.pdf\" target=\"_blank\" rel=\"noopener noreferrer\">DECLARACI\u00d3 DE CONFORMITAT<\/a><\/h6>\n<h6 style=\"text-align: right;\"><a href=\"https:\/\/tomasbodero.com\/es\/guantes-tomas-bodero\/190artic.html?search_query=190&amp;results=4\" target=\"_blank\" rel=\"noopener noreferrer\">CONSULTAR CAT\u00c0LEG<\/a><\/h6>\n<h6 style=\"text-align: right;\"><a href=\"https:\/\/uniformelaboral.com\/index.php\/contacte\/\" target=\"_blank\" rel=\"noopener noreferrer\">CONTACTAR AMB NOSALTRES<\/a><\/h6>\n<h6><\/h6>\n<p>&nbsp;<\/p>\n","protected":false},"featured_media":20192,"template":"","meta":{"_joinchat":[]},"product_brand":[],"product_cat":[31,118],"product_tag":[],"class_list":{"0":"post-17948","1":"product","2":"type-product","3":"status-publish","4":"has-post-thumbnail","6":"product_cat-guants","7":"product_cat-pell","8":"tm-has-options","10":"first","11":"instock","12":"taxable","13":"shipping-taxable","14":"purchasable","15":"product-type-simple"},"_links":{"self":[{"href":"https:\/\/uniformelaboral.com\/index.php\/wp-json\/wp\/v2\/product\/17948","targetHints":{"allow":["GET"]}}],"collection":[{"href":"https:\/\/uniformelaboral.com\/index.php\/wp-json\/wp\/v2\/product"}],"about":[{"href":"https:\/\/uniformelaboral.com\/index.php\/wp-json\/wp\/v2\/types\/product"}],"wp:featuredmedia":[{"embeddable":true,"href":"https:\/\/uniformelaboral.com\/index.php\/wp-json\/wp\/v2\/media\/20192"}],"wp:attachment":[{"href":"https:\/\/uniformelaboral.com\/index.php\/wp-json\/wp\/v2\/media?parent=17948"}],"wp:term":[{"taxonomy":"product_brand","embeddable":true,"href":"https:\/\/uniformelaboral.com\/index.php\/wp-json\/wp\/v2\/product_brand?post=17948"},{"taxonomy":"product_cat","embeddable":true,"href":"https:\/\/uniformelaboral.com\/index.php\/wp-json\/wp\/v2\/product_cat?post=17948"},{"taxonomy":"product_tag","embeddable":true,"href":"https:\/\/uniformelaboral.com\/index.php\/wp-json\/wp\/v2\/product_tag?post=17948"}],"curies":[{"name":"wp","href":"https:\/\/api.w.org\/{rel}","templated":true}]}}