{"id":17942,"date":"2022-02-02T22:28:53","date_gmt":"2022-02-02T21:28:53","guid":{"rendered":"https:\/\/uniformelaboral.com\/?post_type=product&#038;p=17942"},"modified":"2023-03-22T18:58:40","modified_gmt":"2023-03-22T17:58:40","slug":"guants-718-stac-en388-en407-en16350-us-alimentari","status":"publish","type":"product","link":"https:\/\/uniformelaboral.com\/index.php\/producto\/guants-718-stac-en388-en407-en16350-us-alimentari\/","title":{"rendered":"GUANTS 718 STAC EN388 &#8211; EN407 EN16350 US ALIMENTARI \/ 4.10\u20ac"},"content":{"rendered":"","protected":false},"excerpt":{"rendered":"<p><img loading=\"lazy\" decoding=\"async\" class=\" wp-image-20171 alignleft\" src=\"https:\/\/uniformelaboral.com\/wp-content\/uploads\/2022\/03\/TOMAS-BODERO-300x191.jpg\" alt=\"\" width=\"121\" height=\"77\" srcset=\"https:\/\/uniformelaboral.com\/wp-content\/uploads\/2022\/03\/TOMAS-BODERO-300x191.jpg 300w, https:\/\/uniformelaboral.com\/wp-content\/uploads\/2022\/03\/TOMAS-BODERO-1024x650.jpg 1024w, https:\/\/uniformelaboral.com\/wp-content\/uploads\/2022\/03\/TOMAS-BODERO-768x488.jpg 768w, https:\/\/uniformelaboral.com\/wp-content\/uploads\/2022\/03\/TOMAS-BODERO-416x264.jpg 416w, https:\/\/uniformelaboral.com\/wp-content\/uploads\/2022\/03\/TOMAS-BODERO.jpg 1176w\" sizes=\"auto, (max-width: 121px) 100vw, 121px\" \/>Guant suport nil\u00f3, fibres de carboni i elast\u00e0 blau sense costures. Recobriment PPU negre al palmell. Puny el\u00e0stic. Galga 18.<\/p>\n<p>&nbsp;<\/p>\n<p>\u00daS: Ind\u00fastria cosm\u00e8tica, Ind\u00fastria alimentaria, Mec\u00e0nica, Automoci\u00f3, Paqueteria<\/p>\n<p><img loading=\"lazy\" decoding=\"async\" class=\" wp-image-20195 aligncenter\" src=\"https:\/\/uniformelaboral.com\/wp-content\/uploads\/2022\/02\/718STAC-2-300x42.jpg\" alt=\"\" width=\"300\" height=\"42\" srcset=\"https:\/\/uniformelaboral.com\/wp-content\/uploads\/2022\/02\/718STAC-2-300x42.jpg 300w, https:\/\/uniformelaboral.com\/wp-content\/uploads\/2022\/02\/718STAC-2-416x59.jpg 416w, https:\/\/uniformelaboral.com\/wp-content\/uploads\/2022\/02\/718STAC-2.jpg 445w\" sizes=\"auto, (max-width: 300px) 100vw, 300px\" \/><\/p>\n<h6><a href=\"https:\/\/tomasbodero.com\/productos\/pdf\/(718STAC)%20Ficha%20Tecnica%20ES.pdf\" target=\"_blank\" rel=\"noopener noreferrer\">FITXA TECNICA<\/a><\/h6>\n<h6><a href=\"https:\/\/tomasbodero.com\/productos\/pdf\/(718STAC)%20%20Declaracion%20conformidad%20ES.pdf\" target=\"_blank\" rel=\"noopener noreferrer\">DECLARACI\u00d3 DE CONFORMITAT<\/a><\/h6>\n<h6 style=\"text-align: right;\"><a href=\"https:\/\/tomasbodero.com\/es\/guantes-tomas-bodero\/guantes-proteccion-mecanica\/718stac.html?search_query=718&amp;results=1\" target=\"_blank\" rel=\"noopener noreferrer\">CONSULTAR CAT\u00c0LEG<\/a><\/h6>\n<h6 style=\"text-align: right;\"><a href=\"https:\/\/uniformelaboral.com\/index.php\/contacte\/\" target=\"_blank\" rel=\"noopener noreferrer\">CONTACTAR AMB NOSALTRES<\/a><\/h6>\n<h6><\/h6>\n<p>&nbsp;<\/p>\n","protected":false},"featured_media":20194,"template":"","meta":{"_joinchat":[]},"product_brand":[],"product_cat":[31,121],"product_tag":[],"class_list":{"0":"post-17942","1":"product","2":"type-product","3":"status-publish","4":"has-post-thumbnail","6":"product_cat-guants","7":"product_cat-nylon","8":"tm-has-options","10":"first","11":"instock","12":"taxable","13":"shipping-taxable","14":"purchasable","15":"product-type-simple"},"_links":{"self":[{"href":"https:\/\/uniformelaboral.com\/index.php\/wp-json\/wp\/v2\/product\/17942","targetHints":{"allow":["GET"]}}],"collection":[{"href":"https:\/\/uniformelaboral.com\/index.php\/wp-json\/wp\/v2\/product"}],"about":[{"href":"https:\/\/uniformelaboral.com\/index.php\/wp-json\/wp\/v2\/types\/product"}],"wp:featuredmedia":[{"embeddable":true,"href":"https:\/\/uniformelaboral.com\/index.php\/wp-json\/wp\/v2\/media\/20194"}],"wp:attachment":[{"href":"https:\/\/uniformelaboral.com\/index.php\/wp-json\/wp\/v2\/media?parent=17942"}],"wp:term":[{"taxonomy":"product_brand","embeddable":true,"href":"https:\/\/uniformelaboral.com\/index.php\/wp-json\/wp\/v2\/product_brand?post=17942"},{"taxonomy":"product_cat","embeddable":true,"href":"https:\/\/uniformelaboral.com\/index.php\/wp-json\/wp\/v2\/product_cat?post=17942"},{"taxonomy":"product_tag","embeddable":true,"href":"https:\/\/uniformelaboral.com\/index.php\/wp-json\/wp\/v2\/product_tag?post=17942"}],"curies":[{"name":"wp","href":"https:\/\/api.w.org\/{rel}","templated":true}]}}