{"id":17934,"date":"2022-01-20T21:36:18","date_gmt":"2022-01-20T20:36:18","guid":{"rendered":"https:\/\/uniformelaboral.com\/?post_type=product&#038;p=17934"},"modified":"2023-08-18T21:06:31","modified_gmt":"2023-08-18T19:06:31","slug":"guants-320p-grip-suport-poliester","status":"publish","type":"product","link":"https:\/\/uniformelaboral.com\/index.php\/producto\/guants-320p-grip-suport-poliester\/","title":{"rendered":"GUANTS 320P GRIP SUPORT POLI\u00c8STER EN388 \/ 2.33\u20ac"},"content":{"rendered":"","protected":false},"excerpt":{"rendered":"<p><img loading=\"lazy\" decoding=\"async\" class=\" wp-image-20171 alignleft\" src=\"https:\/\/uniformelaboral.com\/wp-content\/uploads\/2022\/03\/TOMAS-BODERO-300x191.jpg\" alt=\"\" width=\"124\" height=\"79\" srcset=\"https:\/\/uniformelaboral.com\/wp-content\/uploads\/2022\/03\/TOMAS-BODERO-300x191.jpg 300w, https:\/\/uniformelaboral.com\/wp-content\/uploads\/2022\/03\/TOMAS-BODERO-1024x650.jpg 1024w, https:\/\/uniformelaboral.com\/wp-content\/uploads\/2022\/03\/TOMAS-BODERO-768x488.jpg 768w, https:\/\/uniformelaboral.com\/wp-content\/uploads\/2022\/03\/TOMAS-BODERO-416x264.jpg 416w, https:\/\/uniformelaboral.com\/wp-content\/uploads\/2022\/03\/TOMAS-BODERO.jpg 1176w\" sizes=\"auto, (max-width: 124px) 100vw, 124px\" \/>Poli\u00e8ster: Fibra sint\u00e8tica que ofereix una gran resist\u00e8ncia a l&#8217;abrasi\u00f3 ia l&#8217;atracci\u00f3. Excel\u00b7lent subjecci\u00f3 en sec i humit. El suport sense costures proporciona confort i ergonomia. El l\u00e0tex proporciona un alt nivell de comoditat, elasticitat i destresa. Puny el\u00e0stic per a m\u00e9s ajustament al canell.<\/p>\n<p>&nbsp;<\/p>\n<p>\u00daS: Agricultura, Jardineria, Log\u00edstica, Manteniment, Construcci\u00f3<\/p>\n<p><img loading=\"lazy\" decoding=\"async\" class=\" wp-image-20190 aligncenter\" src=\"https:\/\/uniformelaboral.com\/wp-content\/uploads\/2022\/01\/320P.jpg\" alt=\"\" width=\"123\" height=\"61\" \/><\/p>\n<h6><a href=\"https:\/\/tomasbodero.com\/productos\/pdf\/(320P%20GRIP)%20Ficha%20Tecnica%20ES.pdf\" target=\"_blank\" rel=\"noopener noreferrer\">FITXA TECNICA<\/a><\/h6>\n<h6><a href=\"https:\/\/tomasbodero.com\/productos\/pdf\/(320P%20GRIP)%20%20Declaracion%20conformidad%20ES.pdf\" target=\"_blank\" rel=\"noopener noreferrer\">DECLARACI\u00d3 DE CONFORMITAT<\/a><\/h6>\n<h6 style=\"text-align: right;\"><a href=\"https:\/\/tomasbodero.com\/es\/guantes-tomas-bodero\/guantes-proteccion-mecanica\/320p-grip.html?search_query=320P&amp;results=1\" target=\"_blank\" rel=\"noopener noreferrer\">CONSULTAR CAT\u00c0LEG<\/a><\/h6>\n<h6 style=\"text-align: right;\"><a href=\"https:\/\/uniformelaboral.com\/index.php\/contacte\/\" target=\"_blank\" rel=\"noopener noreferrer\">CONTACTAR AMB NOSALTRES<\/a><\/h6>\n<h6><\/h6>\n<p>&nbsp;<\/p>\n","protected":false},"featured_media":20191,"template":"","meta":{"_joinchat":[]},"product_brand":[],"product_cat":[31,1060],"product_tag":[],"class_list":{"0":"post-17934","1":"product","2":"type-product","3":"status-publish","4":"has-post-thumbnail","6":"product_cat-guants","7":"product_cat-poliester","8":"tm-has-options","10":"first","11":"instock","12":"taxable","13":"shipping-taxable","14":"purchasable","15":"product-type-simple"},"_links":{"self":[{"href":"https:\/\/uniformelaboral.com\/index.php\/wp-json\/wp\/v2\/product\/17934","targetHints":{"allow":["GET"]}}],"collection":[{"href":"https:\/\/uniformelaboral.com\/index.php\/wp-json\/wp\/v2\/product"}],"about":[{"href":"https:\/\/uniformelaboral.com\/index.php\/wp-json\/wp\/v2\/types\/product"}],"wp:featuredmedia":[{"embeddable":true,"href":"https:\/\/uniformelaboral.com\/index.php\/wp-json\/wp\/v2\/media\/20191"}],"wp:attachment":[{"href":"https:\/\/uniformelaboral.com\/index.php\/wp-json\/wp\/v2\/media?parent=17934"}],"wp:term":[{"taxonomy":"product_brand","embeddable":true,"href":"https:\/\/uniformelaboral.com\/index.php\/wp-json\/wp\/v2\/product_brand?post=17934"},{"taxonomy":"product_cat","embeddable":true,"href":"https:\/\/uniformelaboral.com\/index.php\/wp-json\/wp\/v2\/product_cat?post=17934"},{"taxonomy":"product_tag","embeddable":true,"href":"https:\/\/uniformelaboral.com\/index.php\/wp-json\/wp\/v2\/product_tag?post=17934"}],"curies":[{"name":"wp","href":"https:\/\/api.w.org\/{rel}","templated":true}]}}