{"id":17928,"date":"2022-01-19T19:42:24","date_gmt":"2022-01-19T18:42:24","guid":{"rendered":"https:\/\/uniformelaboral.com\/?post_type=product&#038;p=17928"},"modified":"2023-03-22T18:13:49","modified_gmt":"2023-03-22T17:13:49","slug":"guants-serratge-bovi-bode-202vb","status":"publish","type":"product","link":"https:\/\/uniformelaboral.com\/index.php\/producto\/guants-serratge-bovi-bode-202vb\/","title":{"rendered":"GUANTS SERRATGE BOV\u00cd BODE 202VB EN388 &#8211; EN407 \/ 3.70\u20ac"},"content":{"rendered":"","protected":false},"excerpt":{"rendered":"<p><img loading=\"lazy\" decoding=\"async\" class=\" wp-image-20171 alignleft\" src=\"https:\/\/uniformelaboral.com\/wp-content\/uploads\/2022\/03\/TOMAS-BODERO-300x191.jpg\" alt=\"\" width=\"119\" height=\"76\" srcset=\"https:\/\/uniformelaboral.com\/wp-content\/uploads\/2022\/03\/TOMAS-BODERO-300x191.jpg 300w, https:\/\/uniformelaboral.com\/wp-content\/uploads\/2022\/03\/TOMAS-BODERO-1024x650.jpg 1024w, https:\/\/uniformelaboral.com\/wp-content\/uploads\/2022\/03\/TOMAS-BODERO-768x488.jpg 768w, https:\/\/uniformelaboral.com\/wp-content\/uploads\/2022\/03\/TOMAS-BODERO-416x264.jpg 416w, https:\/\/uniformelaboral.com\/wp-content\/uploads\/2022\/03\/TOMAS-BODERO.jpg 1176w\" sizes=\"auto, (max-width: 119px) 100vw, 119px\" \/>Guant serratge bov\u00ed gris. Lona beix. Cartera beix engomada. Refor\u00e7 serratge verd al palmell, polze i \u00edndex. Folre al palmell.<br \/>\nGrossor: 1,1-1,3 mm.<\/p>\n<p>&nbsp;<\/p>\n<p>\u00daS: Muntatges mec\u00e0nics Manipulaci\u00f3 de xapes Ferralla, caldereria Usogeneral Agricultura<\/p>\n<p><img loading=\"lazy\" decoding=\"async\" class=\" wp-image-20187 aligncenter\" src=\"https:\/\/uniformelaboral.com\/wp-content\/uploads\/2022\/01\/202VB.jpg\" alt=\"\" width=\"212\" height=\"63\" \/><\/p>\n<h6><a href=\"https:\/\/tomasbodero.com\/productos\/pdf\/(202VB)%20Ficha%20Tecnica%20ES.pdf\" target=\"_blank\" rel=\"noopener noreferrer\">FITXA TECNICA<\/a><\/h6>\n<h6><a href=\"https:\/\/tomasbodero.com\/productos\/pdf\/(202VB)%20%20Declaracion%20conformidad%20ES.pdf\" target=\"_blank\" rel=\"noopener noreferrer\">DECLARACI\u00d3 DE CONFORMITAT<\/a><\/h6>\n<h6 style=\"text-align: right;\"><a href=\"https:\/\/tomasbodero.com\/es\/guantes-tomas-bodero\/guantes-proteccion-mecanica\/202vb.html?search_query=202VB&amp;results=1\" target=\"_blank\" rel=\"noopener noreferrer\">CONSULTAR CAT\u00c0LEG<\/a><\/h6>\n<h6 style=\"text-align: right;\"><a href=\"https:\/\/uniformelaboral.com\/index.php\/contacte\/\" target=\"_blank\" rel=\"noopener noreferrer\">CONTACTAR AMB NOSALTRES<\/a><\/h6>\n<h6><\/h6>\n<p>&nbsp;<\/p>\n","protected":false},"featured_media":20188,"template":"","meta":{"_joinchat":[]},"product_brand":[],"product_cat":[31,118],"product_tag":[],"class_list":{"0":"post-17928","1":"product","2":"type-product","3":"status-publish","4":"has-post-thumbnail","6":"product_cat-guants","7":"product_cat-pell","8":"tm-has-options","10":"first","11":"instock","12":"taxable","13":"shipping-taxable","14":"purchasable","15":"product-type-simple"},"_links":{"self":[{"href":"https:\/\/uniformelaboral.com\/index.php\/wp-json\/wp\/v2\/product\/17928","targetHints":{"allow":["GET"]}}],"collection":[{"href":"https:\/\/uniformelaboral.com\/index.php\/wp-json\/wp\/v2\/product"}],"about":[{"href":"https:\/\/uniformelaboral.com\/index.php\/wp-json\/wp\/v2\/types\/product"}],"wp:featuredmedia":[{"embeddable":true,"href":"https:\/\/uniformelaboral.com\/index.php\/wp-json\/wp\/v2\/media\/20188"}],"wp:attachment":[{"href":"https:\/\/uniformelaboral.com\/index.php\/wp-json\/wp\/v2\/media?parent=17928"}],"wp:term":[{"taxonomy":"product_brand","embeddable":true,"href":"https:\/\/uniformelaboral.com\/index.php\/wp-json\/wp\/v2\/product_brand?post=17928"},{"taxonomy":"product_cat","embeddable":true,"href":"https:\/\/uniformelaboral.com\/index.php\/wp-json\/wp\/v2\/product_cat?post=17928"},{"taxonomy":"product_tag","embeddable":true,"href":"https:\/\/uniformelaboral.com\/index.php\/wp-json\/wp\/v2\/product_tag?post=17928"}],"curies":[{"name":"wp","href":"https:\/\/api.w.org\/{rel}","templated":true}]}}