{"id":17554,"date":"2021-08-27T00:17:58","date_gmt":"2021-08-26T22:17:58","guid":{"rendered":"https:\/\/uniformelaboral.com\/?post_type=product&#038;p=17554"},"modified":"2023-09-14T10:56:45","modified_gmt":"2023-09-14T08:56:45","slug":"dian-salon-dona-serveis","status":"publish","type":"product","link":"https:\/\/uniformelaboral.com\/index.php\/producto\/dian-salon-dona-serveis\/","title":{"rendered":"DIAN SALON DONA \/ 37.18\u20ac"},"content":{"rendered":"","protected":false},"excerpt":{"rendered":"<p><img loading=\"lazy\" decoding=\"async\" class=\" wp-image-20229 alignleft\" src=\"https:\/\/uniformelaboral.com\/wp-content\/uploads\/2021\/08\/LOGO-DIAN-1-300x200.jpg\" alt=\"\" width=\"139\" height=\"92\" srcset=\"https:\/\/uniformelaboral.com\/wp-content\/uploads\/2021\/08\/LOGO-DIAN-1-300x200.jpg 300w, https:\/\/uniformelaboral.com\/wp-content\/uploads\/2021\/08\/LOGO-DIAN-1-1024x683.jpg 1024w, https:\/\/uniformelaboral.com\/wp-content\/uploads\/2021\/08\/LOGO-DIAN-1-768x512.jpg 768w, https:\/\/uniformelaboral.com\/wp-content\/uploads\/2021\/08\/LOGO-DIAN-1-1536x1024.jpg 1536w, https:\/\/uniformelaboral.com\/wp-content\/uploads\/2021\/08\/LOGO-DIAN-1-416x277.jpg 416w, https:\/\/uniformelaboral.com\/wp-content\/uploads\/2021\/08\/LOGO-DIAN-1.jpg 1924w\" sizes=\"auto, (max-width: 139px) 100vw, 139px\" \/><\/p>\n<p>Sabata femen\u00edne tipus sal\u00f3 de pell micro D&#8217;COVER PLUS\u00ae, folrat en la pala amb microfibra t\u00e8cnica D&#8217;DRY\u00ae. Forma recta de puntera arrodonida. Contrafort de duresa suficient per a subjectar el calcani. Plantilla encoixinada de microfibra t\u00e8cnica sobre escuma de poliuret\u00e0 amb tractament antibacteris i carb\u00f3 activat. Sola de poliuret\u00e0 amb insert de TPU antilliscant.<\/p>\n<h5><\/h5>\n<h5><a href=\"https:\/\/dian.es\/fichas\/salon.pdf\" target=\"_blank\" rel=\"noopener\">FITXA T\u00c9NICA<\/a><\/h5>\n<h6><\/h6>\n<h6 style=\"text-align: right;\"><a href=\"https:\/\/dian.es\/producto\/salon\/\" target=\"_blank\" rel=\"noopener noreferrer\">CONSULTAR CAT\u00c1LEG<\/a><\/h6>\n<h6 style=\"text-align: right;\"><a href=\"https:\/\/uniformelaboral.com\/index.php\/contacte\/\" target=\"_blank\" rel=\"noopener noreferrer\">CONTACTAR AMB NOSALTRES<\/a><\/h6>\n","protected":false},"featured_media":20230,"template":"","meta":{"_joinchat":[]},"product_brand":[],"product_cat":[36,802,33,129,1026,26,147,1053,806,808,838,38],"product_tag":[],"class_list":{"0":"post-17554","1":"product","2":"type-product","3":"status-publish","4":"has-post-thumbnail","6":"product_cat-alimentacio","7":"product_cat-calcats-alimentacio","8":"product_cat-sabates-seguretat","9":"product_cat-calcats-serveis","10":"product_cat-calcats-hostaleria","11":"product_cat-cascs-de-seguretat","12":"product_cat-hostaleria","13":"product_cat-sabates-calcats-hostaleria","14":"product_cat-sabates","15":"product_cat-sabates-alimentacio","16":"product_cat-sabates-serveis","17":"product_cat-serveis","18":"tm-has-options","20":"first","21":"instock","22":"taxable","23":"shipping-taxable","24":"purchasable","25":"product-type-simple"},"_links":{"self":[{"href":"https:\/\/uniformelaboral.com\/index.php\/wp-json\/wp\/v2\/product\/17554","targetHints":{"allow":["GET"]}}],"collection":[{"href":"https:\/\/uniformelaboral.com\/index.php\/wp-json\/wp\/v2\/product"}],"about":[{"href":"https:\/\/uniformelaboral.com\/index.php\/wp-json\/wp\/v2\/types\/product"}],"wp:featuredmedia":[{"embeddable":true,"href":"https:\/\/uniformelaboral.com\/index.php\/wp-json\/wp\/v2\/media\/20230"}],"wp:attachment":[{"href":"https:\/\/uniformelaboral.com\/index.php\/wp-json\/wp\/v2\/media?parent=17554"}],"wp:term":[{"taxonomy":"product_brand","embeddable":true,"href":"https:\/\/uniformelaboral.com\/index.php\/wp-json\/wp\/v2\/product_brand?post=17554"},{"taxonomy":"product_cat","embeddable":true,"href":"https:\/\/uniformelaboral.com\/index.php\/wp-json\/wp\/v2\/product_cat?post=17554"},{"taxonomy":"product_tag","embeddable":true,"href":"https:\/\/uniformelaboral.com\/index.php\/wp-json\/wp\/v2\/product_tag?post=17554"}],"curies":[{"name":"wp","href":"https:\/\/api.w.org\/{rel}","templated":true}]}}