{"id":17530,"date":"2021-08-25T19:48:17","date_gmt":"2021-08-25T17:48:17","guid":{"rendered":"https:\/\/uniformelaboral.com\/?post_type=product&#038;p=17530"},"modified":"2023-09-14T10:55:45","modified_gmt":"2023-09-14T08:55:45","slug":"dian-eva-plus-calcat","status":"publish","type":"product","link":"https:\/\/uniformelaboral.com\/index.php\/producto\/dian-eva-plus-calcat\/","title":{"rendered":"DIAN EVA PLUS \/ 28,66\u20ac"},"content":{"rendered":"","protected":false},"excerpt":{"rendered":"<p><img loading=\"lazy\" decoding=\"async\" class=\" wp-image-20229 alignleft\" src=\"https:\/\/uniformelaboral.com\/wp-content\/uploads\/2021\/08\/LOGO-DIAN-1-300x200.jpg\" alt=\"\" width=\"153\" height=\"102\" srcset=\"https:\/\/uniformelaboral.com\/wp-content\/uploads\/2021\/08\/LOGO-DIAN-1-300x200.jpg 300w, https:\/\/uniformelaboral.com\/wp-content\/uploads\/2021\/08\/LOGO-DIAN-1-1024x683.jpg 1024w, https:\/\/uniformelaboral.com\/wp-content\/uploads\/2021\/08\/LOGO-DIAN-1-768x512.jpg 768w, https:\/\/uniformelaboral.com\/wp-content\/uploads\/2021\/08\/LOGO-DIAN-1-1536x1024.jpg 1536w, https:\/\/uniformelaboral.com\/wp-content\/uploads\/2021\/08\/LOGO-DIAN-1-416x277.jpg 416w, https:\/\/uniformelaboral.com\/wp-content\/uploads\/2021\/08\/LOGO-DIAN-1.jpg 1924w\" sizes=\"auto, (max-width: 153px) 100vw, 153px\" \/><\/p>\n<p>Esclop lleuger d&#8217;EVA, antibacteri\u00e0, amb cel\u00b7les antilliscants a la sola, monocasc, anat\u00f2mic i antilliscant. Apte per rentat en rentadora fins a 40 \u00ba. Amb corretja posterior abatible entre el tal\u00f3 i la pala, perforat als laterals per facilitar la transpiraci\u00f3, la neteja i evitar la penetraci\u00f3 directa dins el esclop de l\u00edquids. Planta amb micropunts de massatge per estimular la circulaci\u00f3 sangu\u00ednia. Incorpora una plantilla interior de teixit sobre escuma de l\u00e0tex amb tractament antibacteris.<\/p>\n<p>Talles: 35-46<\/p>\n<p><img loading=\"lazy\" decoding=\"async\" class=\" wp-image-20233 aligncenter\" src=\"https:\/\/uniformelaboral.com\/wp-content\/uploads\/2021\/08\/DIAN-LOGOS-INESCOP-EVA-1-300x126.jpg\" alt=\"\" width=\"176\" height=\"74\" srcset=\"https:\/\/uniformelaboral.com\/wp-content\/uploads\/2021\/08\/DIAN-LOGOS-INESCOP-EVA-1-300x126.jpg 300w, https:\/\/uniformelaboral.com\/wp-content\/uploads\/2021\/08\/DIAN-LOGOS-INESCOP-EVA-1-1024x430.jpg 1024w, https:\/\/uniformelaboral.com\/wp-content\/uploads\/2021\/08\/DIAN-LOGOS-INESCOP-EVA-1-768x322.jpg 768w, https:\/\/uniformelaboral.com\/wp-content\/uploads\/2021\/08\/DIAN-LOGOS-INESCOP-EVA-1-1536x645.jpg 1536w, https:\/\/uniformelaboral.com\/wp-content\/uploads\/2021\/08\/DIAN-LOGOS-INESCOP-EVA-1-2048x859.jpg 2048w, https:\/\/uniformelaboral.com\/wp-content\/uploads\/2021\/08\/DIAN-LOGOS-INESCOP-EVA-1-416x175.jpg 416w\" sizes=\"auto, (max-width: 176px) 100vw, 176px\" \/><\/p>\n<h6><a href=\"https:\/\/dian.es\/fichas\/eva-plus.pdf\" target=\"_blank\" rel=\"noopener\">FITXA T\u00c9NICA<\/a><\/h6>\n<h6><\/h6>\n<h6 style=\"text-align: right;\"><a href=\"https:\/\/dian.es\/producto\/eva-plus\/\" target=\"_blank\" rel=\"noopener noreferrer\">CONSULTAR CAT\u00c1LEG<\/a><\/h6>\n<h6 style=\"text-align: right;\">F<a href=\"https:\/\/uniformelaboral.com\/index.php\/contacte\/\" target=\"_blank\" rel=\"noopener noreferrer\">CONTACTAR AMB NOSALTRES<\/a><\/h6>\n","protected":false},"featured_media":17533,"template":"","meta":{"_joinchat":[]},"product_brand":[],"product_cat":[36,802,33,129,1026,817,807,1052,818,797,837,147,39,38],"product_tag":[],"class_list":{"0":"post-17530","1":"product","2":"type-product","3":"status-publish","4":"has-post-thumbnail","6":"product_cat-alimentacio","7":"product_cat-calcats-alimentacio","8":"product_cat-sabates-seguretat","9":"product_cat-calcats-serveis","10":"product_cat-calcats-hostaleria","11":"product_cat-calcats2-sanitat","12":"product_cat-esclops-2","13":"product_cat-esclops-calcats-hostaleria","14":"product_cat-esclops2-sanitat","15":"product_cat-esclops","16":"product_cat-esclops-serveis","17":"product_cat-hostaleria","18":"product_cat-sanitat","19":"product_cat-serveis","20":"tm-has-options","22":"first","23":"instock","24":"taxable","25":"shipping-taxable","26":"purchasable","27":"product-type-simple"},"_links":{"self":[{"href":"https:\/\/uniformelaboral.com\/index.php\/wp-json\/wp\/v2\/product\/17530","targetHints":{"allow":["GET"]}}],"collection":[{"href":"https:\/\/uniformelaboral.com\/index.php\/wp-json\/wp\/v2\/product"}],"about":[{"href":"https:\/\/uniformelaboral.com\/index.php\/wp-json\/wp\/v2\/types\/product"}],"wp:featuredmedia":[{"embeddable":true,"href":"https:\/\/uniformelaboral.com\/index.php\/wp-json\/wp\/v2\/media\/17533"}],"wp:attachment":[{"href":"https:\/\/uniformelaboral.com\/index.php\/wp-json\/wp\/v2\/media?parent=17530"}],"wp:term":[{"taxonomy":"product_brand","embeddable":true,"href":"https:\/\/uniformelaboral.com\/index.php\/wp-json\/wp\/v2\/product_brand?post=17530"},{"taxonomy":"product_cat","embeddable":true,"href":"https:\/\/uniformelaboral.com\/index.php\/wp-json\/wp\/v2\/product_cat?post=17530"},{"taxonomy":"product_tag","embeddable":true,"href":"https:\/\/uniformelaboral.com\/index.php\/wp-json\/wp\/v2\/product_tag?post=17530"}],"curies":[{"name":"wp","href":"https:\/\/api.w.org\/{rel}","templated":true}]}}