{"id":16448,"date":"2020-08-25T13:12:39","date_gmt":"2020-08-25T11:12:39","guid":{"rendered":"https:\/\/uniformelaboral.com\/?post_type=product&#038;p=16448"},"modified":"2023-02-28T11:58:30","modified_gmt":"2023-02-28T10:58:30","slug":"jaqueta-piloto-fluor-a-v-work-c3740","status":"publish","type":"product","link":"https:\/\/uniformelaboral.com\/index.php\/producto\/jaqueta-piloto-fluor-a-v-work-c3740\/","title":{"rendered":"JAQUETA PILOTO FLUOR A\/V WORK C3740 \/ 42,28\u20ac"},"content":{"rendered":"","protected":false},"excerpt":{"rendered":"<div id=\"descripcion\">\n<p><img loading=\"lazy\" decoding=\"async\" class=\" wp-image-19952 alignleft\" src=\"https:\/\/uniformelaboral.com\/wp-content\/uploads\/2020\/08\/logo_workteam_negro-300x243.png\" alt=\"\" width=\"95\" height=\"77\" srcset=\"https:\/\/uniformelaboral.com\/wp-content\/uploads\/2020\/08\/logo_workteam_negro-300x243.png 300w, https:\/\/uniformelaboral.com\/wp-content\/uploads\/2020\/08\/logo_workteam_negro-416x337.png 416w, https:\/\/uniformelaboral.com\/wp-content\/uploads\/2020\/08\/logo_workteam_negro.png 450w\" sizes=\"auto, (max-width: 95px) 100vw, 95px\" \/><\/p>\n<p>Pilot encoixinada i impermeable a teixit Oxford, combinada, amb m\u00e0nigues desmuntables i cintes reflectants. Part superior d&#8217;alta visibilitat. Coll alt i tanca de cremallera de nil\u00f3. Dues bosses interiors amb tancament de cremallera i una bossa auxiliar de manxa amb cartera de velcro al pit. Dues bosses laterals de trau. Una bossa de plast\u00f3 amb tancament de cremallera i butxaca compartimentat a la m\u00e0niga. Una bossa de pit de plast\u00f3 a l&#8217;interior. Una cinta reflectant a coll i dos a pit, esquena i m\u00e0nigues. Punys i cintura el\u00e0stics en punt canal\u00e9.<\/p>\n<p>Composici\u00f3: 100% Poli\u00e8ster, Gramatge: Ext. 180 \/ Int. 250<\/p>\n<\/div>\n<div><img loading=\"lazy\" decoding=\"async\" class=\" wp-image-19953 aligncenter\" src=\"https:\/\/uniformelaboral.com\/wp-content\/uploads\/2020\/08\/ISO-C3740.jpg\" alt=\"\" width=\"193\" height=\"70\" \/><\/div>\n<h6><a href=\"https:\/\/www.workteam.com\/fichas\/tallas\/C3740.jpg\" target=\"_blank\" rel=\"noopener noreferrer\">TAULA DE TALLES<\/a><\/h6>\n<h6 style=\"text-align: right;\"><a href=\"https:\/\/issuu.com\/workteamoficial\/docs\/3-fluor-esp-2021?fr=sNzk4NDI3MTU4NTc\" target=\"_blank\" rel=\"noopener noreferrer\">CONSULTAR CAT\u00c1LEG<\/a><\/h6>\n<h6 style=\"text-align: right;\"><a href=\"https:\/\/uniformelaboral.com\/index.php\/contacte\/\" target=\"_blank\" rel=\"noopener noreferrer\">CONTACTAR AMB NOSALTRES<\/a><\/h6>\n<div><\/div>\n","protected":false},"featured_media":19945,"template":"","meta":{"_joinchat":[]},"product_brand":[],"product_cat":[35,166],"product_tag":[],"class_list":{"0":"post-16448","1":"product","2":"type-product","3":"status-publish","4":"has-post-thumbnail","6":"product_cat-av-alta-visibilidad","7":"product_cat-cacadores-2","8":"tm-has-options","10":"first","11":"instock","12":"taxable","13":"shipping-taxable","14":"purchasable","15":"product-type-simple"},"_links":{"self":[{"href":"https:\/\/uniformelaboral.com\/index.php\/wp-json\/wp\/v2\/product\/16448","targetHints":{"allow":["GET"]}}],"collection":[{"href":"https:\/\/uniformelaboral.com\/index.php\/wp-json\/wp\/v2\/product"}],"about":[{"href":"https:\/\/uniformelaboral.com\/index.php\/wp-json\/wp\/v2\/types\/product"}],"wp:featuredmedia":[{"embeddable":true,"href":"https:\/\/uniformelaboral.com\/index.php\/wp-json\/wp\/v2\/media\/19945"}],"wp:attachment":[{"href":"https:\/\/uniformelaboral.com\/index.php\/wp-json\/wp\/v2\/media?parent=16448"}],"wp:term":[{"taxonomy":"product_brand","embeddable":true,"href":"https:\/\/uniformelaboral.com\/index.php\/wp-json\/wp\/v2\/product_brand?post=16448"},{"taxonomy":"product_cat","embeddable":true,"href":"https:\/\/uniformelaboral.com\/index.php\/wp-json\/wp\/v2\/product_cat?post=16448"},{"taxonomy":"product_tag","embeddable":true,"href":"https:\/\/uniformelaboral.com\/index.php\/wp-json\/wp\/v2\/product_tag?post=16448"}],"curies":[{"name":"wp","href":"https:\/\/api.w.org\/{rel}","templated":true}]}}