{"id":16320,"date":"2020-07-29T19:18:53","date_gmt":"2020-07-29T17:18:53","guid":{"rendered":"https:\/\/uniformelaboral.com\/?post_type=product&#038;p=16320"},"modified":"2023-03-02T10:57:17","modified_gmt":"2023-03-02T09:57:17","slug":"armilla-fluor-a-v-work-c3209","status":"publish","type":"product","link":"https:\/\/uniformelaboral.com\/index.php\/producto\/armilla-fluor-a-v-work-c3209\/","title":{"rendered":"ARMILLA FLUOR A\/V WORK C3209 \/ 26.88\u20ac"},"content":{"rendered":"","protected":false},"excerpt":{"rendered":"<p><img loading=\"lazy\" decoding=\"async\" class=\" wp-image-19952 alignleft\" src=\"https:\/\/uniformelaboral.com\/wp-content\/uploads\/2020\/08\/logo_workteam_negro-300x243.png\" alt=\"\" width=\"119\" height=\"97\" srcset=\"https:\/\/uniformelaboral.com\/wp-content\/uploads\/2020\/08\/logo_workteam_negro-300x243.png 300w, https:\/\/uniformelaboral.com\/wp-content\/uploads\/2020\/08\/logo_workteam_negro-416x337.png 416w, https:\/\/uniformelaboral.com\/wp-content\/uploads\/2020\/08\/logo_workteam_negro.png 450w\" sizes=\"auto, (max-width: 119px) 100vw, 119px\" \/>Armilla encoixinat d&#8217;alta visibilitat en teixit Oxford amb cintes reflectants. Coll alt i tancament de cremallera de nil\u00f3 oculta per solapa de claud\u00e0tors. Una bossa de pit i dos laterals interiors amb tancament de cremallera. Dues bosses amb manxa i cartera de claud\u00e0tors en els costats. Una bossa de pit de plast\u00f3 amb tancament de velcro a l&#8217;interior. Dues cintes reflectants a pit i esquena. Cises ajustables. El\u00e0stic en els laterals de la cintura.<\/p>\n<p>composici\u00f3: 100% Poli\u00e8ster<\/p>\n<p><img loading=\"lazy\" decoding=\"async\" class=\" wp-image-19969 aligncenter\" src=\"https:\/\/uniformelaboral.com\/wp-content\/uploads\/2020\/07\/ISO-C3209.jpg\" alt=\"\" width=\"141\" height=\"65\" \/><\/p>\n<h6><a href=\"https:\/\/workteam.com\/fichas\/tallas\/C3209.jpg\" target=\"_blank\" rel=\"noopener noreferrer\">TAULA DE TALLES<\/a><\/h6>\n<h6 style=\"text-align: right;\"><a href=\"https:\/\/workteam.com\/seccion_detalle.php?ref=C3209&amp;color=NAV\" target=\"_blank\" rel=\"noopener noreferrer\">CONSULTAR CAT\u00c1LEG<\/a><\/h6>\n<h6 style=\"text-align: right;\"><a href=\"https:\/\/uniformelaboral.com\/index.php\/contacte\/\" target=\"_blank\" rel=\"noopener noreferrer\">CONTACTAR AMB NOSALTRES<\/a><\/h6>\n","protected":false},"featured_media":19966,"template":"","meta":{"_joinchat":[]},"product_brand":[],"product_cat":[35,112],"product_tag":[],"class_list":{"0":"post-16320","1":"product","2":"type-product","3":"status-publish","4":"has-post-thumbnail","6":"product_cat-av-alta-visibilidad","7":"product_cat-cacadora-alta","8":"tm-has-options","10":"first","11":"instock","12":"taxable","13":"shipping-taxable","14":"purchasable","15":"product-type-simple"},"_links":{"self":[{"href":"https:\/\/uniformelaboral.com\/index.php\/wp-json\/wp\/v2\/product\/16320","targetHints":{"allow":["GET"]}}],"collection":[{"href":"https:\/\/uniformelaboral.com\/index.php\/wp-json\/wp\/v2\/product"}],"about":[{"href":"https:\/\/uniformelaboral.com\/index.php\/wp-json\/wp\/v2\/types\/product"}],"wp:featuredmedia":[{"embeddable":true,"href":"https:\/\/uniformelaboral.com\/index.php\/wp-json\/wp\/v2\/media\/19966"}],"wp:attachment":[{"href":"https:\/\/uniformelaboral.com\/index.php\/wp-json\/wp\/v2\/media?parent=16320"}],"wp:term":[{"taxonomy":"product_brand","embeddable":true,"href":"https:\/\/uniformelaboral.com\/index.php\/wp-json\/wp\/v2\/product_brand?post=16320"},{"taxonomy":"product_cat","embeddable":true,"href":"https:\/\/uniformelaboral.com\/index.php\/wp-json\/wp\/v2\/product_cat?post=16320"},{"taxonomy":"product_tag","embeddable":true,"href":"https:\/\/uniformelaboral.com\/index.php\/wp-json\/wp\/v2\/product_tag?post=16320"}],"curies":[{"name":"wp","href":"https:\/\/api.w.org\/{rel}","templated":true}]}}