{"id":3,"date":"2020-02-14T10:55:40","date_gmt":"2020-02-14T09:55:41","guid":{"rendered":"https:\/\/uniformelaboral.com\/?page_id=3"},"modified":"2022-09-15T14:26:34","modified_gmt":"2022-09-15T12:26:34","slug":"politica-privacidad","status":"publish","type":"page","link":"https:\/\/uniformelaboral.com\/index.php\/politica-privacidad\/","title":{"rendered":"Pol\u00edtica de privacitat"},"content":{"rendered":"<p><strong>INFORMACI\u00d3 IDENTIFICATIVA DEL RESPONSABLE DEL TRACTAMENT<\/strong><\/p>\n<table width=\"100%\">\n<tbody>\n<tr>\n<td width=\"69%\"><strong>Ra\u00f3 Social del Responsable<\/strong><\/td>\n<td width=\"30%\"><strong>CIF<\/strong><\/td>\n<\/tr>\n<tr>\n<td width=\"69%\">SETWORK, SL<\/td>\n<td width=\"30%\">B55736086<\/td>\n<\/tr>\n<tr>\n<td colspan=\"2\" width=\"100%\"><strong>Direcci\u00f3:<\/strong><\/td>\n<\/tr>\n<tr>\n<td colspan=\"2\" width=\"100%\">C\/ BISBE DOMENECH, 4 43203 REUS (TARRAGONA)<\/td>\n<\/tr>\n<tr>\n<td colspan=\"2\" width=\"100%\"><strong>Finalitat :<\/strong><\/td>\n<\/tr>\n<tr>\n<td colspan=\"2\" width=\"100%\">Gesti\u00f3 de les seves dades de contacte per a donar resposta als seus dubtes i\/o preguntes.<\/td>\n<\/tr>\n<tr>\n<td colspan=\"2\" width=\"100%\">Enviar-li, en el seu cas, comunicacions que puguin ser del seu inter\u00e8s.<\/td>\n<\/tr>\n<tr>\n<td colspan=\"2\" width=\"100%\">Gesti\u00f3 de la relaci\u00f3 contractual (compra-venta de productes).<\/td>\n<\/tr>\n<\/tbody>\n<\/table>\n<p><strong>\u00a0<\/strong><\/p>\n<p><strong>INFORMACI\u00d3 GENERAL DE PRIVACITAT.<\/strong><\/p>\n<p><strong>ABAST<\/strong><\/p>\n<p>La present pol\u00edtica de privacitat de SETWORK, SL regula la obtenci\u00f3, utilitzaci\u00f3 i altres formes de procesament de dades personals facilites pels Usuaris a la present Web o qualsevol dels entorns d\u2019Internet de SETWORK, SL.<\/p>\n<p>Mitjan\u00e7ant la implantaci\u00f3 dels possibles formularis inclosos en els diferents websites, relatius a servei prestats o els productes comercialitzats perSETWORK, SL, els Usuaris acceptes la inclusi\u00f3 i tractament de les dades que proporciones en un tractament de dades de car\u00e0cter personal del qual \u00e9s titular SETWORK, SL, podent exercir els drets pertinents segons el exposat a les seg\u00fcents cl\u00e0usules.<\/p>\n<p>Tots els textos legals es troben a disposici\u00f3 dels Usuaris i\/o interessats a la p\u00e0gina web <a href=\"https:\/\/uniformelaboral.com\">https:\/\/uniformelaboral.com<\/a>.<\/p>\n<p><strong>\u00bfQui \u00e9s el responsable del tractament de les seves dades<\/strong><\/p>\n<p>SETWORK, SL \u00e9s la persona jur\u00eddica responsable de la recollida i procesament de les seves dades personals en relaci\u00f3 amb els serveis que presta i que es comercialitzen en aquesta web.<\/p>\n<p>SETWORK, SL es compromet a respectar i salvaguardar la seva privacitat i la seguretat de les seves dades. Les dades identificatives del Responsable del Tractament son:<\/p>\n<table width=\"100%\">\n<tbody>\n<tr>\n<td width=\"69%\"><strong>Ra\u00f3 Social del Responsable<\/strong><\/td>\n<td width=\"30%\"><strong>CIF<\/strong><\/td>\n<\/tr>\n<tr>\n<td width=\"69%\">SETWORK, SL<\/td>\n<td width=\"30%\">B55736086<\/td>\n<\/tr>\n<tr>\n<td colspan=\"2\" width=\"100%\"><strong>Direcci\u00f3:<\/strong><\/td>\n<\/tr>\n<tr>\n<td colspan=\"2\" width=\"100%\">C\/ BISBE DOMENECH, 4 43203 REUS (TARRAGONA)<\/td>\n<\/tr>\n<tr>\n<td colspan=\"2\" width=\"100%\"><strong>Contactiambel nostre Delegat de Protecci\u00f3 de Dades<\/strong><\/td>\n<\/tr>\n<tr>\n<td colspan=\"2\" width=\"100%\">SETWORK, SL- C\/ BISBE DOMENECH, 4 43203 REUS (TARRAGONA) \u2013 <a href=\"mailto:vendes@uniformelaboral.com\">vendes@uniformelaboral.com<\/a>.<\/td>\n<\/tr>\n<\/tbody>\n<\/table>\n<p><strong>\u00bfAmb quina finalitat\/s recopilem les seves dades?\u00a0\u00a0 <\/strong><\/p>\n<p>D\u2019acord amb el previst a la normativa vigent, SETWORK, SL nom\u00e9s recull dades estrictament necess\u00e0ries per oferir els serveis derivats de la seva activitat i altres prestacions, gestions i activitats atribu\u00efdes per la Llei.<\/p>\n<p>En la present web, nom\u00e9s es tracten dades de contacte, identificatives i econ\u00f2miques facilitades pels Usuaris. Les dades que es puguin recollir de l\u2019Usuari seran tractades amb les finalitat de:<\/p>\n<ul>\n<li>Gesti\u00f3 de les dades de contacte per a poder donar resposta als dubte i\/o preguntes formulades.<\/li>\n<li>Enviament de comunicacions que pugui ser del seu inter\u00e8s, en el cas que correspongui.<\/li>\n<li>Gesti\u00f3 de la relaci\u00f3 mercantil de compra-venta de productes.<\/li>\n<\/ul>\n<p>S\u2019informa de que no es realitzaran avaluacions automatitzades, ni s\u2019elaboraran perfils d\u2019usuaris.<\/p>\n<p>Aix\u00ed mateix, li informem que la informaci\u00f3 de les bases de dades podr\u00e0 ser utilitzada per a la identificaci\u00f3 dels Usuaris i per a la realitzaci\u00f3 d\u2019estudis estad\u00edstics.<\/p>\n<p><strong>\u00bfDurant quant de temps conservem les seves dades personals?<\/strong><\/p>\n<p>Les dades personals seran conservades mentre l\u2019Usuari no manifesti el contrari i pels terminis de conservaci\u00f3 legalment establerts, a no ser que per motius l\u00f2gics i evidents hagin perdut la utilitat o la finalitat leg\u00edtima per a la que van ser captats.<\/p>\n<p><strong>\u00bfA quins destinataris es comunicar\u00e0 les seves dades?<\/strong><\/p>\n<p>A tercers que ens ajudin a proporcionar serveis de tecnologia de la informaci\u00f3, com prove\u00efdors de plataforma, serveis d\u2019allotjament web, etc. En relaci\u00f3 a aix\u00f2, SETWORK, SL colaborar\u00e0 per a que aquests tercers compleixin amb la legislaci\u00f3 vigent, si b\u00e9 la responsabilitat ser\u00e0 exigible a aquests.<\/p>\n<p>SETWORK, SL no ven, lloga o cedeix les dades personals dels Usuaris d\u2019aquesta Web, a excepci\u00f3 del cas que sigui necessari per a la pr\u00f2pia prestaci\u00f3 del servei.<\/p>\n<p>SETWORK, SL no ven, lloga o cedeix els e-mails dels Usuaris a altres entitats, a excepci\u00f3 del cas que sigui necessari per a la pr\u00f2pia prestaci\u00f3 del servei.<\/p>\n<p>La Web\u00a0 pot tenir en un futur enlla\u00e7os, aplicacions o funcionalitats compartides amb tercers, com son xarxes socials o sistemes de comunicaci\u00f3 on-line. SETWORK, SL no es far\u00e0 responsable de les informacions que es puguin recullir en aquestes aplicacions, funcionalitats, o xarxes socials titularitat de tercers al no tenir cap capacitat de gesti\u00f3 ni control sobre les mateixes, \u00e9ssent per tant d\u2019aplicaci\u00f3 els avisos legals i les pol\u00edtiques de privacitat que puguin constar en els llocs web o similars dels tercers.<\/p>\n<p><strong>\u00bfQuins son els drets dels Usuaris que ens faciliten les seves dades?<\/strong><\/p>\n<p>Els Usuaris podran exercir, respecte de les dades recollides en la forma descrita en punt primer, els drets reconeguts al Reglament (UE) 2016\/679 del Parlament Europeu i del Consell de 27 d\u2019abril de 2016, relatiu a la protecci\u00f3 de les persones f\u00edsiques en el que respecte al tractament de dades personals i a la lliure circulaci\u00f3 d\u2019aquestes dades i pel que es deroga la Directiva 95\/46\/CE (Reglament general de protecci\u00f3 de dades), i en particular els drets de portabilitat, acc\u00e9s, rectificaci\u00f3, supressi\u00f3 i limitaci\u00f3 al tractament.<\/p>\n<p>Els drets esmentats en el par\u00e0graf anterior podran exercir-se per a cada Usuari mitjan\u00e7ant sol\u00b7licitud escrita i signada, acompanyada de fotoc\u00f2pia de DNI o passaport, a la seg\u00fcent direcci\u00f3:<\/p>\n<p><strong>SETWORK, SL<\/strong><\/p>\n<p><strong>C\/ BISBE DOMENECH, 4 43203 REUS (TARRAGONA)<\/strong><\/p>\n<p><a href=\"mailto:Vendes@uniformelaboral.com\"><strong>Vendes@uniformelaboral.com<\/strong><\/a><\/p>\n<p><strong>\u00a0<\/strong><\/p>\n<p>Aix\u00ed mateix, se informa als Usuaris que poden retirar el consentiment pel tractament de les seves dades en qualsevol moment, aix\u00ed com que poden presentar reclamaci\u00f3 enfront l\u2019Autoritat de Control (Ag\u00e8ncia Espanyola de Protecci\u00f3 de Dades) de considerar-ho oport\u00fa.<\/p>\n<p><strong>COMUNICACI\u00d3 D\u2019INCID\u00c8NCIES\u00a0 IRREGULARITATS.<\/strong><\/p>\n<p>En el cas d\u2019existir alguna conducta o situaci\u00f3 que pogu\u00e9s ser susceptible de generar una incid\u00e8ncia o irregularitat de qualsevol classe, es demana contactar amb:<\/p>\n<p><strong>SETWORK, SL<\/strong><\/p>\n<p><strong>C\/ BISBE DOMENECH, 4 43203 REUS (TARRAGONA)<\/strong><\/p>\n<p><a href=\"mailto:Vendes@uniformelaboral.com\"><strong>Vendes@uniformelaboral.com<\/strong><\/a><\/p>\n<p><strong>\u00a0<\/strong><\/p>\n<p><strong>COMPROM\u00cdS DEL USUARI PER TAL DE QUE LES SEVES DADES ESTIGUIN INSCRITES EN UN TRACTAMENT<\/strong><\/p>\n<p>La introducci\u00f3 de les seves dades en algun dels fulls de captaci\u00f3 de dades implica acceptar les presents condicions d\u2019\u00fas i pol\u00edtica de privacitat, donant per ent\u00e8s que ha estat informat de les condicions d\u2019\u00fas, av\u00eds legal de les mateixes i que es compromet al seu total compliment durant la navegaci\u00f3 i participaci\u00f3 en la Web <a href=\"https:\/\/uniformelaboral.com\">https:\/\/uniformelaboral.com<\/a>.<\/p>\n<p>En tot cas, l\u2019Usuari \u00e9s el responsable de la autenticitat de les dades aportades, que siguin exactes, actuals i completes per a la finalitat per a la que siguin aportades, assumint la responsabilitat dels danys i perjudicis, tant per lucre cessant com per dany emergent, que es puguin generar per aquestes inexactituds o falsedats. En tot cas, si les dades aportades en els corresponents formularis fossin titularitat d\u2019un tercer, l\u2019Usuari es fa \u00fanic responsable de la correcta captaci\u00f3 del consentiment i informaci\u00f3 al tercer sobre els aspectes reflexats en el present Av\u00eds Legal i Pol\u00edtica de Privacitat.<\/p>\n<p><strong>RESPONSABILITAT DELS USUARIS PER \u00daSI CONTINGUT.<\/strong><\/p>\n<p>Tant l\u2019acc\u00e9s al Web com l\u2019\u00fas que pugui fer-se de la informaci\u00f3 i continguts inclosos en la mateixa, ser\u00e0 d\u2019exclusiva responsabilitat de qui ho realitzi. Per tant, l\u2019\u00fas que pugui fer-se de la informaci\u00f3, imatges, continguts i\/o productes ressenyats i accessibles a trav\u00e9s del mateix, estar\u00e0 supeditat a la legalitat, sigui nacional o internacional, aplicable, aix\u00ed com als principis de bona fe i \u00fas l\u00edcit per part dels Usuaris, als quals seran totalment responsables d\u2019aquest acc\u00e9s i del correcte \u00fas. Els Usuaris estaran obligats a fer un \u00fas raonable dels serveis o continguts, sota el principi de bona fe i amb respecte a la legalitat vigent, a la moral, a l\u2019ordre p\u00fablic, a les bones costums, als drets de tercers o de la pr\u00f2pia empresa, amb tot, segons les possibilitats i finalitats per les quals estan concebudes. <strong>SETWORK, SL<\/strong> no assumeix responsabilitats, ja siguin directes o indirectes, per danys emergents o lucre cessant, derivades del mal \u00fas dels serveis o continguts realitzats pels Usuaris o tercers<\/p>\n<p><strong>INFORMACI\u00d3 LSSI-CE<\/strong><\/p>\n<p>En compliment del deure d\u2019informaci\u00f3 establert a l\u2019article 10 de la vigent Llei 34\/2002, de 11 de juliol, de Serveis de la Societat de la Informaci\u00f3 i de Comer\u00e7 Electr\u00f2nic, li comuniquem que el dinamitzador i gestor de continguts de la Web on es poden descarregar diferents aplicacions i\/o informacions \u00e9sSETWORK, SL amb domicili a l\u2019C\/ BISBE DOMENECH, 4 43203 REUS (TARRAGONA) i amb la gesti\u00f3 del domini d\u2019Internet <a href=\"https:\/\/uniformelaboral.com\">https:\/\/uniformelaboral.com<\/a>,inscrit en el registre corresponent, atenent a comunicacions dels usuaris i\/o interessats a trav\u00e9s del e-mail <a href=\"mailto:vendes@uniformelaboral.com\">vendes@uniformelaboral.com<\/a>.<\/p>\n<p><strong>Qualsevol altra activitat comercial, mercantil, administrativa o de contractaci\u00f3 de productes i\/o serveis \u00e9s responsabilitat de la entitat esmentada anteriorment, propiet\u00e0ria d\u2019aquest domini.<\/strong><\/p>\n<p><strong><u>INFORMACI\u00d3 SOBRE L\u2019\u00daS D\u2019ALTRES WEBS <\/u><\/strong><\/p>\n<p>SETWORK, SL nom\u00e9s es fa responsable dels continguts i de la gesti\u00f3 de la p\u00e0gina Web de la qual sigui titular o ostenti un dret d\u2019an\u00e0loga naturalesa. Qualsevol altre p\u00e0gina web o xarxa social o repositori d\u2019informaci\u00f3 a Internet, for de la present Web, \u00e9s responsabilitat dels seus leg\u00edtims titulars<\/p>\n<p>SETWORK, SL, col\u00b7labora de forma ordin\u00e0ria amb diferents aplicacions i entorns Web i sempre recomana a tots els usuaris que abans d\u2019accedir a aquests entorns web llegeixin atentament els corresponents avisos legals i pol\u00edtiques de privacitat i que nom\u00e9s accedeixin als mateixos una vegada hagin compr\u00e8s i acceptat en la seva totalitat aquest text legal.<\/p>\n","protected":false},"excerpt":{"rendered":"<p>INFORMACI\u00d3 IDENTIFICATIVA DEL RESPONSABLE DEL TRACTAMENT Ra\u00f3 Social del Responsable CIF SETWORK, SL B55736086 Direcci\u00f3: C\/ BISBE DOMENECH, 4 43203 REUS (TARRAGONA) Finalitat : Gesti\u00f3 de les seves dades de contacte per a donar resposta als seus dubtes i\/o preguntes. Enviar-li, en el seu cas, comunicacions que puguin ser del seu inter\u00e8s. Gesti\u00f3 de la [&hellip;]<\/p>\n","protected":false},"author":4,"featured_media":0,"parent":0,"menu_order":0,"comment_status":"closed","ping_status":"open","template":"","meta":{"_joinchat":[],"footnotes":""},"class_list":["post-3","page","type-page","status-publish","hentry"],"_links":{"self":[{"href":"https:\/\/uniformelaboral.com\/index.php\/wp-json\/wp\/v2\/pages\/3","targetHints":{"allow":["GET"]}}],"collection":[{"href":"https:\/\/uniformelaboral.com\/index.php\/wp-json\/wp\/v2\/pages"}],"about":[{"href":"https:\/\/uniformelaboral.com\/index.php\/wp-json\/wp\/v2\/types\/page"}],"author":[{"embeddable":true,"href":"https:\/\/uniformelaboral.com\/index.php\/wp-json\/wp\/v2\/users\/4"}],"replies":[{"embeddable":true,"href":"https:\/\/uniformelaboral.com\/index.php\/wp-json\/wp\/v2\/comments?post=3"}],"version-history":[{"count":1,"href":"https:\/\/uniformelaboral.com\/index.php\/wp-json\/wp\/v2\/pages\/3\/revisions"}],"predecessor-version":[{"id":19538,"href":"https:\/\/uniformelaboral.com\/index.php\/wp-json\/wp\/v2\/pages\/3\/revisions\/19538"}],"wp:attachment":[{"href":"https:\/\/uniformelaboral.com\/index.php\/wp-json\/wp\/v2\/media?parent=3"}],"curies":[{"name":"wp","href":"https:\/\/api.w.org\/{rel}","templated":true}]}}