{"id":16292,"date":"2020-07-24T08:53:01","date_gmt":"2020-07-24T06:53:01","guid":{"rendered":"https:\/\/uniformelaboral.com\/?page_id=16292"},"modified":"2021-12-03T10:46:55","modified_gmt":"2021-12-03T09:46:55","slug":"clausula-informativa-contacte","status":"publish","type":"page","link":"https:\/\/uniformelaboral.com\/index.php\/clausula-informativa-contacte\/","title":{"rendered":"Cl\u00e0usula informativa contacte"},"content":{"rendered":"<p>Protecci\u00f3 de dades de car\u00e0cter personal: En compliment del que es disposa en el Reglament (UE) 2016\/679 del Parlament Europeu i del Consell, de 27 d&#8217;abril de 2016 (RGPD) se li informa que les dades facilitades seran tractats per SETWORK, SL, amb n\u00famero de CIF B55736086 situada a C\/ Bisbe Domenech, 4 43203 Reus (Tarragona), n\u00fam. de tel\u00e9fono 626919292 i email \u00a0vendes@uniformelaboral.com. Les dades proporcionades seran tractats amb la finalitat de poder gestionar la present sol\u00b7licitud d&#8217;informaci\u00f3 corresponent a la nostra Entitat. Les dades personals proporcionades es conservaran durant el temps necessari per donar compliment a les obligacions legals i contractuals segons la normativa vigent a cada moment. La base legal per al tractament de les seves dades es fonamenta en el seu consentiment expr\u00e9s. Les dades no seran comunicats a tercers, menys en aquells casos previstos per la legislaci\u00f3 vigent. Finalment, se li informa que pot exercir els seus drets d&#8217;acc\u00e9s, rectificaci\u00f3, supressi\u00f3, limitaci\u00f3, portabilitat i oposici\u00f3. Pot obtenir m\u00e9s informaci\u00f3 sobre els seus drets acudint a la p\u00e0gina web de l&#8217;Ag\u00e8ncia Espanyola de Protecci\u00f3 de Dades, aix\u00ed com presentar una reclamaci\u00f3 davant aquest organisme de considerar-ho oport\u00fa.<\/p>\n","protected":false},"excerpt":{"rendered":"<p>Protecci\u00f3 de dades de car\u00e0cter personal: En compliment del que es disposa en el Reglament (UE) 2016\/679 del Parlament Europeu i del Consell, de 27 d&#8217;abril de 2016 (RGPD) se li informa que les dades facilitades seran tractats per SETWORK, SL, amb n\u00famero de CIF B55736086 situada a C\/ Bisbe Domenech, 4 43203 Reus (Tarragona), [&hellip;]<\/p>\n","protected":false},"author":4,"featured_media":0,"parent":0,"menu_order":0,"comment_status":"closed","ping_status":"closed","template":"","meta":{"_joinchat":[],"footnotes":""},"class_list":["post-16292","page","type-page","status-publish","hentry"],"_links":{"self":[{"href":"https:\/\/uniformelaboral.com\/index.php\/wp-json\/wp\/v2\/pages\/16292","targetHints":{"allow":["GET"]}}],"collection":[{"href":"https:\/\/uniformelaboral.com\/index.php\/wp-json\/wp\/v2\/pages"}],"about":[{"href":"https:\/\/uniformelaboral.com\/index.php\/wp-json\/wp\/v2\/types\/page"}],"author":[{"embeddable":true,"href":"https:\/\/uniformelaboral.com\/index.php\/wp-json\/wp\/v2\/users\/4"}],"replies":[{"embeddable":true,"href":"https:\/\/uniformelaboral.com\/index.php\/wp-json\/wp\/v2\/comments?post=16292"}],"version-history":[{"count":0,"href":"https:\/\/uniformelaboral.com\/index.php\/wp-json\/wp\/v2\/pages\/16292\/revisions"}],"wp:attachment":[{"href":"https:\/\/uniformelaboral.com\/index.php\/wp-json\/wp\/v2\/media?parent=16292"}],"curies":[{"name":"wp","href":"https:\/\/api.w.org\/{rel}","templated":true}]}}